{"id":1144,"date":"2022-12-27T11:08:42","date_gmt":"2022-12-27T10:08:42","guid":{"rendered":"https:\/\/masakata.com\/?page_id=1144"},"modified":"2022-12-27T11:12:35","modified_gmt":"2022-12-27T10:12:35","slug":"aviso-legal","status":"publish","type":"page","link":"https:\/\/masakata.com\/ca\/aviso-legal\/","title":{"rendered":"Av\u00eds Legal"},"content":{"rendered":"<div data-elementor-type=\"wp-page\" data-elementor-id=\"1144\" class=\"elementor elementor-1144\" data-elementor-post-type=\"page\">\n\t\t\t\t\t\t<section class=\"elementor-section elementor-top-section elementor-element elementor-element-52894c1 elementor-section-boxed elementor-section-height-default elementor-section-height-default\" data-id=\"52894c1\" data-element_type=\"section\" data-e-type=\"section\" data-settings=\"{&quot;background_background&quot;:&quot;classic&quot;}\">\n\t\t\t\t\t\t<div class=\"elementor-container elementor-column-gap-default\">\n\t\t\t\t\t<div class=\"elementor-column elementor-col-100 elementor-top-column elementor-element elementor-element-dedddf9\" data-id=\"dedddf9\" data-element_type=\"column\" data-e-type=\"column\">\n\t\t\t<div class=\"elementor-widget-wrap elementor-element-populated\">\n\t\t\t\t\t\t<div class=\"elementor-element elementor-element-5b48b42 elementor-widget elementor-widget-heading\" data-id=\"5b48b42\" data-element_type=\"widget\" data-e-type=\"widget\" data-widget_type=\"heading.default\">\n\t\t\t\t<div class=\"elementor-widget-container\">\n\t\t\t\t\t<h2 class=\"elementor-heading-title elementor-size-default\">Av\u00eds Legal<\/h2>\t\t\t\t<\/div>\n\t\t\t\t<\/div>\n\t\t\t\t\t<\/div>\n\t\t<\/div>\n\t\t\t\t\t<\/div>\n\t\t<\/section>\n\t\t\t\t<section class=\"elementor-section elementor-top-section elementor-element elementor-element-409d02a elementor-section-boxed elementor-section-height-default elementor-section-height-default\" data-id=\"409d02a\" data-element_type=\"section\" data-e-type=\"section\">\n\t\t\t\t\t\t<div class=\"elementor-container elementor-column-gap-default\">\n\t\t\t\t\t<div class=\"elementor-column elementor-col-100 elementor-top-column elementor-element elementor-element-e792e94\" data-id=\"e792e94\" data-element_type=\"column\" data-e-type=\"column\">\n\t\t\t<div class=\"elementor-widget-wrap elementor-element-populated\">\n\t\t\t\t\t\t<div class=\"elementor-element elementor-element-cf7b78a elementor-widget elementor-widget-text-editor\" data-id=\"cf7b78a\" data-element_type=\"widget\" data-e-type=\"widget\" data-widget_type=\"text-editor.default\">\n\t\t\t\t<div class=\"elementor-widget-container\">\n\t\t\t\t\t\t\t\t\t<h2><strong>Dades D&#039;Identificaci\u00f3<\/strong><\/h2><p>Aquest lloc web https:\/\/www.masakata.com est\u00e1 gestionat per Cal Rei Luxe Factory, SL. Avda. Vall\u00e8s, 71, 08228, Terrassa (Barcelona).<\/p><p>Correu de contacte: info@masakata.com<\/p><h2><strong>Condicions generals<\/strong><\/h2><p>Aquest AV\u00cdS LEGAL es pret\u00e9n regular l&#039;acc\u00e9s, navegaci\u00f3 i, en general, la relaci\u00f3 entre el lloc web i els usuaris (d&#039;ara endavant, els &#034;usuaris&#034;).<\/p><p>S&#039;entendr\u00e0 que l&#039;acc\u00e9s i \u00fas de la p\u00e0gina web o el consum dels serveis i continguts que ofereix implica l&#039;assumpci\u00f3 de la condici\u00f3 d&#039;usuari i, per tant, l&#039;acceptaci\u00f3 sense reserves de totes i cadascuna de les presents condicions d&#039;\u00fas, que estan subjectes a canvis. En conseq\u00fc\u00e8ncia, ser\u00e0 necess\u00e0ria la lectura per part de l&#039;usuari cada vegada que visiti el lloc web.<\/p><p>El titular perseguir\u00e0 l&#039;incompliment de les presents condicions, aix\u00ed com qualsevol utilitzaci\u00f3 indeguda del seu portal, exercitant totes les accions civils i penals que puguin correspondre en dret.<\/p><h2><strong>Objecte i continguts oferts<\/strong><\/h2><p>Aquest lloc proporciona informaci\u00f3 sobre m\u00e0rqueting digital i social media, i \u00e9s amb la intenci\u00f3 de promoure l&#039;activitat professional del seu propietari.<\/p><p>La compra de productes o serveis posats a trav\u00e9s de la web estan expressament subjectes a les condicions particulars de compra d&#039;aquests productes o serveis, establerts per a la finalitat, i sense perjudici de les disposicions de les presents Condicions Generals.<\/p><h2><strong>Normes d&#039;\u00fas de la web<\/strong><\/h2><p>El lloc web distribueix continguts (textos, gr\u00e0fics, dibuixos, dissenys, codis, programari, fotografies, m\u00fasica, v\u00eddeos, sons, bases de dades, imatges, expressions i informacions, aix\u00ed com qualsevol altra creaci\u00f3 protegida per les lleis nacionals i tractats internacionals sobre propietat intel\u00b7lectual i industrial) en el domini masakata.com.<\/p><p>El titular es reserva el dret de retirar tots els comentaris i aportacions que vulnerin el respecte a la dignitat de la persona, que siguin discriminatoris, xen\u00f2fobs, racistes, pornogr\u00e0fics, que atemptin contra qualsevol llei, l&#039;ordre o la seguretat p\u00fablica o que, al seu parer, no \u00e9s adequada per a la seva publicaci\u00f3.<\/p><p>En qualsevol cas, Masakata no es fa responsable de les opinions expressades pels usuaris a trav\u00e9s de f\u00f2rums, xats, o altres participatiu eines.<\/p><p>L&#039;\u00fas del lloc web i serveis s&#039;ha de fer legalment i behaviorally acceptable. L&#039;usuari es compromet a fer un \u00fas adient de la plataforma, continguts i serveis no emple\u00e1ndolos per participar en activitats il\u00b7legals o contr\u00e0ries a la bona fe i a l&#039;ordre p\u00fablic; difondre continguts o propaganda de car\u00e0cter racista, xen\u00f2fob, pornogr\u00e0fic-il\u00b7legal, d&#039;apologia del terrorisme o els drets humans; provocar danys als sistemes f\u00edsics i l\u00f2gics dels seus prove\u00efdors o de terceres persones; intentar accedir als comptes d&#039;altres usuaris o altres serveis personals; realitzar spamming o enviament de missatges no sol\u00b7licitats, o dur a terme qualsevol altre \u00fas que de qualsevol forma puguin danyar, inutilitzar, sobrecarregar o deteriorar el lloc web o els serveis o impedir el seu \u00fas normal per part dels usuaris.<\/p><h2><strong>Propietat intel\u00b7lectual i \u00fas dels continguts<\/strong><\/h2><p>El lloc web de Masakata, incloent-hi per\u00f2 no limitat a, per\u00f2 no limitatiu la seva programaci\u00f3, edici\u00f3, compilaci\u00f3 i altres elements necessaris per al seu funcionament, els dissenys, logotips, text i\/o gr\u00e0fics, s\u00f3n propietat del prestador o si vost\u00e8 t\u00e9 una llic\u00e8ncia o autoritzaci\u00f3 expressa per part dels autors.<\/p><p>Masakata concedeix a l&#039;usuari una llic\u00e8ncia de Creative Commons reconeixement-Nocomercial-Compartirigual 3.0.<\/p><p>Qualsevol \u00fas no autoritzat pr\u00e8viament per part del prestador ser\u00e0 considerat un incompliment greu dels drets de propietat intel\u00b7lectual o industrial de l&#039;autor.<\/p><p>Els dissenys, logotips, text i\/o gr\u00e0fics aliens al prestador i que poguessin apar\u00e8ixer al lloc web, pertanyen als seus respectius propietaris, sent ells mateixos responsables de qualsevol possible controv\u00e8rsia que pogu\u00e9s sorgir respecte a la mateixa. En qualsevol cas, el prestador ha expressa i pr\u00e8via autoritzaci\u00f3 de la mateixa.<\/p><p>Per a realitzar qualsevol tipus d&#039;observaci\u00f3 respecte a possibles incompliments dels drets de propietat intel\u00b7lectual o industrial, aix\u00ed com sobre qualsevol dels continguts del lloc web, pot fer-ho a trav\u00e9s del formulari de contacte que es mant\u00e9 en el lloc web o e-mail info@masakata.com.<\/p><h2><strong>Enlla\u00e7os de tercers i afiliaci\u00f3<\/strong><\/h2><p>En el cas de masakata.com cont\u00e9 enlla\u00e7os o hipervincles cap a altres llocs d&#039;internet, el titular no exerceix un control sobre el contingut publicat en aquest tipus de llocs web, ni assumir\u00e0 cap responsabilitat per a ells pertanyen a llocs web externs.<\/p><p>A m\u00e9s a m\u00e9s, la inclusi\u00f3 d&#039;aquestes connexions externes i hipervincle no implica cap tipus d&#039;associaci\u00f3, fusi\u00f3 o participaci\u00f3 amb les connectat entitats.<\/p><p>Masakata.com de vegades utilitzat com enlla\u00e7os a afiliats productes i serveis de marques que s&#039;han establert un programa d&#039;afiliats. Aquests enlla\u00e7os s&#039;utilitzen nom\u00e9s despr\u00e9s d&#039;haver utilitzat aquest tipus de productes i serveis, o han de realitzar proves per avaluar que compleixen amb un nivell adequat de qualitat.<\/p><p>El prove\u00efdor es compromet a no incloure enlla\u00e7os d&#039;afiliats arbitr\u00e0riament productes que no compleixin les condicions descrites anteriorment amb el benent\u00e8s que aquest tipus de pr\u00e0ctica seria molt contraproduent per a la reputaci\u00f3 de la pr\u00f2pia p\u00e0gina web que van promoure.<\/p><p>En aquests casos, el propietari no ser\u00e0 responsable d&#039;establir les condicions generals i particulars d&#039;\u00fas per a ser tinguts en compte en la utilitzaci\u00f3, prestaci\u00f3 o contractaci\u00f3 d&#039;aquests serveis per tercers i, per tant, no es fa responsable de la mateixa. La utilitzaci\u00f3 i\/o contractaci\u00f3 d&#039;aquests serveis espec\u00edfics implica l&#039;acceptaci\u00f3 de les condicions particulars que els regulin en la versi\u00f3 publicada per la web en el temps qualsevol utilitzaci\u00f3 i\/o contractaci\u00f3.<\/p><h2><strong>Exclusi\u00f3 de garanties i responsabilitat<\/strong><\/h2><p>El propietari no ser\u00e0 responsable, en cap cas, dels danys i perjudicis de qualsevol naturalesa que poguessin ocasionar, a t\u00edtol merament enunciatiu: errors o omissions en els continguts, falta de disponibilitat del portal o la transmissi\u00f3 de virus o programes maliciosos o lesius en els continguts, malgrat haver adoptat totes les mesures tecnol\u00f2giques necess\u00e0ries per evitar-ho.<\/p><h2><strong>Modificacions<\/strong><\/h2><p>El titular es reserva el dret a modificar sense previ av\u00eds les modificacions que consideri oportunes al lloc web i en l&#039;av\u00eds legal, podent canviar, suprimir o afegir tant els continguts i serveis prestats a trav\u00e9s del mateix com la forma en qu\u00e8 apareixen<\/p><h2><strong>Dret d&#039;exclusi\u00f3<\/strong><\/h2><p>Masakata es reserva el dret a denegar o retirar l&#039;acc\u00e9s al portal i\/o els serveis oferts sense necessitat d&#039;av\u00eds previ, a la seva petici\u00f3 pr\u00f2pia o d&#039;un tercer, a aquells usuaris que incompleixin aquestes Condicions Generals d&#039;\u00das.<\/p><h2><strong>Llei aplicable i Jurisdicci\u00f3<\/strong><\/h2><p>Per a la resoluci\u00f3 de totes les controv\u00e8rsies o q\u00fcestions relacionades amb el present lloc web o de les activitats desenvolupades en ell, ser\u00e0 d&#039;aplicaci\u00f3 la legislaci\u00f3 espanyola, a la qual les parts es sotmeten de forma expressa.<\/p><p>Per a la resoluci\u00f3 de qualsevol conflicte que pugui sorgir en ocasi\u00f3 de la celebraci\u00f3 de la vista del portal o de l&#039;\u00fas dels serveis que pot oferir, Masakata i l&#039;usuari acorden sotmetre&#039;s als Jutges i Tribunals de Terrassa (Barcelona).<\/p><p>\u00a0<\/p>\t\t\t\t\t\t\t\t<\/div>\n\t\t\t\t<\/div>\n\t\t\t\t\t<\/div>\n\t\t<\/div>\n\t\t\t\t\t<\/div>\n\t\t<\/section>\n\t\t\t\t<\/div>","protected":false},"excerpt":{"rendered":"<p>Aviso Legal Datos Identificativos Este sitio web https:\/\/www.masakata.com est\u00e1 gestionado por Cal Rei Luxe Factory, SL. Avda. Vall\u00e8s, 71, 08228, Terrassa (Barcelona). Correo electr\u00f3nico de contacto: info@masakata.com Condiciones generales El presente AVISO LEGAL tiene por objeto regular el acceso, navegaci\u00f3n y, en general, la relaci\u00f3n entre el website y los usuarios del mismo (en adelante, [&hellip;]<\/p>","protected":false},"author":1,"featured_media":0,"parent":0,"menu_order":0,"comment_status":"closed","ping_status":"closed","template":"elementor_header_footer","meta":{"footnotes":""},"class_list":["post-1144","page","type-page","status-publish","hentry"],"yoast_head":"<!-- This site is optimized with the Yoast SEO plugin v26.9 - https:\/\/yoast.com\/product\/yoast-seo-wordpress\/ -->\n<title>Aviso Legal - Camas para Perros<\/title>\n<meta name=\"robots\" content=\"noindex, nofollow\" \/>\n<meta property=\"og:locale\" content=\"ca_ES\" \/>\n<meta property=\"og:type\" content=\"article\" \/>\n<meta property=\"og:title\" content=\"Aviso Legal - Camas para Perros\" \/>\n<meta property=\"og:description\" content=\"Aviso Legal Datos Identificativos Este sitio web https:\/\/www.masakata.com est\u00e1 gestionado por Cal Rei Luxe Factory, SL. Avda. Vall\u00e8s, 71, 08228, Terrassa (Barcelona). Correo electr\u00f3nico de contacto: info@masakata.com Condiciones generales El presente AVISO LEGAL tiene por objeto regular el acceso, navegaci\u00f3n y, en general, la relaci\u00f3n entre el website y los usuarios del mismo (en adelante, [&hellip;]\" \/>\n<meta property=\"og:url\" content=\"https:\/\/masakata.com\/ca\/aviso-legal\/\" \/>\n<meta property=\"og:site_name\" content=\"Camas para Perros\" \/>\n<meta property=\"article:modified_time\" content=\"2022-12-27T10:12:35+00:00\" \/>\n<meta name=\"twitter:card\" content=\"summary_large_image\" \/>\n<meta name=\"twitter:label1\" content=\"Temps estimat de lectura\" \/>\n\t<meta name=\"twitter:data1\" content=\"6 minuts\" \/>\n<script type=\"application\/ld+json\" class=\"yoast-schema-graph\">{\"@context\":\"https:\/\/schema.org\",\"@graph\":[{\"@type\":\"WebPage\",\"@id\":\"https:\/\/masakata.com\/aviso-legal\/\",\"url\":\"https:\/\/masakata.com\/aviso-legal\/\",\"name\":\"Aviso Legal - Camas para Perros\",\"isPartOf\":{\"@id\":\"https:\/\/masakata.com\/#website\"},\"datePublished\":\"2022-12-27T10:08:42+00:00\",\"dateModified\":\"2022-12-27T10:12:35+00:00\",\"breadcrumb\":{\"@id\":\"https:\/\/masakata.com\/aviso-legal\/#breadcrumb\"},\"inLanguage\":\"ca\",\"potentialAction\":[{\"@type\":\"ReadAction\",\"target\":[\"https:\/\/masakata.com\/aviso-legal\/\"]}]},{\"@type\":\"BreadcrumbList\",\"@id\":\"https:\/\/masakata.com\/aviso-legal\/#breadcrumb\",\"itemListElement\":[{\"@type\":\"ListItem\",\"position\":1,\"name\":\"Portada\",\"item\":\"https:\/\/masakata.com\/\"},{\"@type\":\"ListItem\",\"position\":2,\"name\":\"Aviso Legal\"}]},{\"@type\":\"WebSite\",\"@id\":\"https:\/\/masakata.com\/#website\",\"url\":\"https:\/\/masakata.com\/\",\"name\":\"Camas para Perros\",\"description\":\"Camas para mascotas, gatos, perros, cachorros, perros con bursitis, etc\",\"publisher\":{\"@id\":\"https:\/\/masakata.com\/#organization\"},\"potentialAction\":[{\"@type\":\"SearchAction\",\"target\":{\"@type\":\"EntryPoint\",\"urlTemplate\":\"https:\/\/masakata.com\/?s={search_term_string}\"},\"query-input\":{\"@type\":\"PropertyValueSpecification\",\"valueRequired\":true,\"valueName\":\"search_term_string\"}}],\"inLanguage\":\"ca\"},{\"@type\":\"Organization\",\"@id\":\"https:\/\/masakata.com\/#organization\",\"name\":\"Camas para Perros\",\"url\":\"https:\/\/masakata.com\/\",\"logo\":{\"@type\":\"ImageObject\",\"inLanguage\":\"ca\",\"@id\":\"https:\/\/masakata.com\/#\/schema\/logo\/image\/\",\"url\":\"https:\/\/masakata.com\/wp-content\/uploads\/2022\/08\/Logotipo_Masakata_350x100px.png\",\"contentUrl\":\"https:\/\/masakata.com\/wp-content\/uploads\/2022\/08\/Logotipo_Masakata_350x100px.png\",\"width\":350,\"height\":100,\"caption\":\"Camas para Perros\"},\"image\":{\"@id\":\"https:\/\/masakata.com\/#\/schema\/logo\/image\/\"}}]}<\/script>\n<!-- \/ Yoast SEO plugin. -->","yoast_head_json":{"title":"Aviso Legal - Camas para Perros","robots":{"index":"noindex","follow":"nofollow"},"og_locale":"ca_ES","og_type":"article","og_title":"Aviso Legal - Camas para Perros","og_description":"Aviso Legal Datos Identificativos Este sitio web https:\/\/www.masakata.com est\u00e1 gestionado por Cal Rei Luxe Factory, SL. Avda. Vall\u00e8s, 71, 08228, Terrassa (Barcelona). Correo electr\u00f3nico de contacto: info@masakata.com Condiciones generales El presente AVISO LEGAL tiene por objeto regular el acceso, navegaci\u00f3n y, en general, la relaci\u00f3n entre el website y los usuarios del mismo (en adelante, [&hellip;]","og_url":"https:\/\/masakata.com\/ca\/aviso-legal\/","og_site_name":"Camas para Perros","article_modified_time":"2022-12-27T10:12:35+00:00","twitter_card":"summary_large_image","twitter_misc":{"Temps estimat de lectura":"6 minuts"},"schema":{"@context":"https:\/\/schema.org","@graph":[{"@type":"WebPage","@id":"https:\/\/masakata.com\/aviso-legal\/","url":"https:\/\/masakata.com\/aviso-legal\/","name":"Aviso Legal - Camas para Perros","isPartOf":{"@id":"https:\/\/masakata.com\/#website"},"datePublished":"2022-12-27T10:08:42+00:00","dateModified":"2022-12-27T10:12:35+00:00","breadcrumb":{"@id":"https:\/\/masakata.com\/aviso-legal\/#breadcrumb"},"inLanguage":"ca","potentialAction":[{"@type":"ReadAction","target":["https:\/\/masakata.com\/aviso-legal\/"]}]},{"@type":"BreadcrumbList","@id":"https:\/\/masakata.com\/aviso-legal\/#breadcrumb","itemListElement":[{"@type":"ListItem","position":1,"name":"Portada","item":"https:\/\/masakata.com\/"},{"@type":"ListItem","position":2,"name":"Aviso Legal"}]},{"@type":"WebSite","@id":"https:\/\/masakata.com\/#website","url":"https:\/\/masakata.com\/","name":"Camas para Perros","description":"Camas para mascotas, gatos, perros, cachorros, perros con bursitis, etc","publisher":{"@id":"https:\/\/masakata.com\/#organization"},"potentialAction":[{"@type":"SearchAction","target":{"@type":"EntryPoint","urlTemplate":"https:\/\/masakata.com\/?s={search_term_string}"},"query-input":{"@type":"PropertyValueSpecification","valueRequired":true,"valueName":"search_term_string"}}],"inLanguage":"ca"},{"@type":"Organization","@id":"https:\/\/masakata.com\/#organization","name":"Camas para Perros","url":"https:\/\/masakata.com\/","logo":{"@type":"ImageObject","inLanguage":"ca","@id":"https:\/\/masakata.com\/#\/schema\/logo\/image\/","url":"https:\/\/masakata.com\/wp-content\/uploads\/2022\/08\/Logotipo_Masakata_350x100px.png","contentUrl":"https:\/\/masakata.com\/wp-content\/uploads\/2022\/08\/Logotipo_Masakata_350x100px.png","width":350,"height":100,"caption":"Camas para Perros"},"image":{"@id":"https:\/\/masakata.com\/#\/schema\/logo\/image\/"}}]}},"_links":{"self":[{"href":"https:\/\/masakata.com\/ca\/wp-json\/wp\/v2\/pages\/1144","targetHints":{"allow":["GET"]}}],"collection":[{"href":"https:\/\/masakata.com\/ca\/wp-json\/wp\/v2\/pages"}],"about":[{"href":"https:\/\/masakata.com\/ca\/wp-json\/wp\/v2\/types\/page"}],"author":[{"embeddable":true,"href":"https:\/\/masakata.com\/ca\/wp-json\/wp\/v2\/users\/1"}],"replies":[{"embeddable":true,"href":"https:\/\/masakata.com\/ca\/wp-json\/wp\/v2\/comments?post=1144"}],"version-history":[{"count":7,"href":"https:\/\/masakata.com\/ca\/wp-json\/wp\/v2\/pages\/1144\/revisions"}],"predecessor-version":[{"id":1152,"href":"https:\/\/masakata.com\/ca\/wp-json\/wp\/v2\/pages\/1144\/revisions\/1152"}],"wp:attachment":[{"href":"https:\/\/masakata.com\/ca\/wp-json\/wp\/v2\/media?parent=1144"}],"curies":[{"name":"wp","href":"https:\/\/api.w.org\/{rel}","templated":true}]}}