{"id":12,"date":"2022-10-03T13:33:24","date_gmt":"2022-10-03T11:33:24","guid":{"rendered":"https:\/\/masakata.com\/mi-cuenta\/"},"modified":"2025-02-19T11:37:05","modified_gmt":"2025-02-19T10:37:05","slug":"mi-cuenta","status":"publish","type":"page","link":"https:\/\/masakata.com\/ca\/mi-cuenta\/","title":{"rendered":"El meu compte"},"content":{"rendered":"<div data-elementor-type=\"wp-page\" data-elementor-id=\"12\" class=\"elementor elementor-12\" data-elementor-post-type=\"page\">\n\t\t\t\t\t\t<section class=\"elementor-section elementor-top-section elementor-element elementor-element-6c99a48 elementor-section-boxed elementor-section-height-default elementor-section-height-default\" data-id=\"6c99a48\" data-element_type=\"section\" data-e-type=\"section\">\n\t\t\t\t\t\t<div class=\"elementor-container elementor-column-gap-default\">\n\t\t\t\t\t<div class=\"elementor-column elementor-col-100 elementor-top-column elementor-element elementor-element-d7a9604\" data-id=\"d7a9604\" data-element_type=\"column\" data-e-type=\"column\" data-settings=\"{&quot;background_background&quot;:&quot;classic&quot;}\">\n\t\t\t<div class=\"elementor-widget-wrap elementor-element-populated\">\n\t\t\t\t\t\t<div class=\"elementor-element elementor-element-63a94f2 elementor-widget elementor-widget-heading\" data-id=\"63a94f2\" data-element_type=\"widget\" data-e-type=\"widget\" data-widget_type=\"heading.default\">\n\t\t\t\t<div class=\"elementor-widget-container\">\n\t\t\t\t\t<h2 class=\"elementor-heading-title elementor-size-default\">El meu compte<\/h2>\t\t\t\t<\/div>\n\t\t\t\t<\/div>\n\t\t\t\t\t<\/div>\n\t\t<\/div>\n\t\t\t\t\t<\/div>\n\t\t<\/section>\n\t\t\t\t<section class=\"elementor-section elementor-top-section elementor-element elementor-element-dea49af elementor-section-boxed elementor-section-height-default elementor-section-height-default\" data-id=\"dea49af\" data-element_type=\"section\" data-e-type=\"section\">\n\t\t\t\t\t\t<div class=\"elementor-container elementor-column-gap-default\">\n\t\t\t\t\t<div class=\"elementor-column elementor-col-100 elementor-top-column elementor-element elementor-element-243b7e9\" data-id=\"243b7e9\" data-element_type=\"column\" data-e-type=\"column\">\n\t\t\t<div class=\"elementor-widget-wrap elementor-element-populated\">\n\t\t\t\t\t\t<div class=\"elementor-element elementor-element-e6456bf e-my-account-tabs-horizontal elementor-widget elementor-widget-woocommerce-my-account\" data-id=\"e6456bf\" data-element_type=\"widget\" data-e-type=\"widget\" data-widget_type=\"woocommerce-my-account.default\">\n\t\t\t\t<div class=\"elementor-widget-container\">\n\t\t\t\t\t<div class=\"e-my-account-tab e-my-account-tab__\">\t\t\t<div class=\"woocommerce\"><\/div>\t\t<\/div>\r\n\t\t\t\t\t\t<\/div>\n\t\t\t\t<\/div>\n\t\t\t\t\t<\/div>\n\t\t<\/div>\n\t\t\t\t\t<\/div>\n\t\t<\/section>\n\t\t\t\t<\/div>","protected":false},"excerpt":{"rendered":"<p>Mi cuenta Escritorio Pedidos Direcciones Detalles de la cuenta Cerrar sesi\u00f3n Escritorio Pedidos Direcciones Detalles de la cuenta Cerrar sesi\u00f3n Escritorio Pedidos Direcciones Detalles de la cuenta Cerrar sesi\u00f3n Escritorio Pedidos Direcciones Detalles de la cuenta Cerrar sesi\u00f3n Hola Camas para mascotas (\u00bfno eres Camas para mascotas? Cerrar sesi\u00f3n) Desde el escritorio de tu cuenta [&hellip;]<\/p>","protected":false},"author":1,"featured_media":0,"parent":0,"menu_order":0,"comment_status":"closed","ping_status":"closed","template":"elementor_header_footer","meta":{"footnotes":""},"class_list":["post-12","page","type-page","status-publish","hentry"],"yoast_head":"<!-- This site is optimized with the Yoast SEO plugin v26.9 - https:\/\/yoast.com\/product\/yoast-seo-wordpress\/ -->\n<title>Mi cuenta - Camas para Perros<\/title>\n<meta name=\"robots\" content=\"noindex, follow\" \/>\n<meta property=\"og:locale\" content=\"ca_ES\" \/>\n<meta property=\"og:type\" content=\"article\" \/>\n<meta property=\"og:title\" content=\"Mi cuenta - Camas para Perros\" \/>\n<meta property=\"og:description\" content=\"Mi cuenta Escritorio Pedidos Direcciones Detalles de la cuenta Cerrar sesi\u00f3n Escritorio Pedidos Direcciones Detalles de la cuenta Cerrar sesi\u00f3n Escritorio Pedidos Direcciones Detalles de la cuenta Cerrar sesi\u00f3n Escritorio Pedidos Direcciones Detalles de la cuenta Cerrar sesi\u00f3n Hola Camas para mascotas (\u00bfno eres Camas para mascotas? Cerrar sesi\u00f3n) Desde el escritorio de tu cuenta [&hellip;]\" \/>\n<meta property=\"og:url\" content=\"https:\/\/masakata.com\/ca\/mi-cuenta\/\" \/>\n<meta property=\"og:site_name\" content=\"Camas para Perros\" \/>\n<meta property=\"article:modified_time\" content=\"2025-02-19T10:37:05+00:00\" \/>\n<meta name=\"twitter:card\" content=\"summary_large_image\" \/>\n<meta name=\"twitter:label1\" content=\"Temps estimat de lectura\" \/>\n\t<meta name=\"twitter:data1\" content=\"2 minuts\" \/>\n<script type=\"application\/ld+json\" class=\"yoast-schema-graph\">{\"@context\":\"https:\/\/schema.org\",\"@graph\":[{\"@type\":\"WebPage\",\"@id\":\"https:\/\/masakata.com\/mi-cuenta\/\",\"url\":\"https:\/\/masakata.com\/mi-cuenta\/\",\"name\":\"Mi cuenta - Camas para Perros\",\"isPartOf\":{\"@id\":\"https:\/\/masakata.com\/#website\"},\"datePublished\":\"2022-10-03T11:33:24+00:00\",\"dateModified\":\"2025-02-19T10:37:05+00:00\",\"breadcrumb\":{\"@id\":\"https:\/\/masakata.com\/mi-cuenta\/#breadcrumb\"},\"inLanguage\":\"ca\",\"potentialAction\":[{\"@type\":\"ReadAction\",\"target\":[\"https:\/\/masakata.com\/mi-cuenta\/\"]}]},{\"@type\":\"BreadcrumbList\",\"@id\":\"https:\/\/masakata.com\/mi-cuenta\/#breadcrumb\",\"itemListElement\":[{\"@type\":\"ListItem\",\"position\":1,\"name\":\"Portada\",\"item\":\"https:\/\/masakata.com\/\"},{\"@type\":\"ListItem\",\"position\":2,\"name\":\"Mi cuenta\"}]},{\"@type\":\"WebSite\",\"@id\":\"https:\/\/masakata.com\/#website\",\"url\":\"https:\/\/masakata.com\/\",\"name\":\"Camas para Perros\",\"description\":\"Camas para mascotas, gatos, perros, cachorros, perros con bursitis, etc\",\"publisher\":{\"@id\":\"https:\/\/masakata.com\/#organization\"},\"potentialAction\":[{\"@type\":\"SearchAction\",\"target\":{\"@type\":\"EntryPoint\",\"urlTemplate\":\"https:\/\/masakata.com\/?s={search_term_string}\"},\"query-input\":{\"@type\":\"PropertyValueSpecification\",\"valueRequired\":true,\"valueName\":\"search_term_string\"}}],\"inLanguage\":\"ca\"},{\"@type\":\"Organization\",\"@id\":\"https:\/\/masakata.com\/#organization\",\"name\":\"Camas para Perros\",\"url\":\"https:\/\/masakata.com\/\",\"logo\":{\"@type\":\"ImageObject\",\"inLanguage\":\"ca\",\"@id\":\"https:\/\/masakata.com\/#\/schema\/logo\/image\/\",\"url\":\"https:\/\/masakata.com\/wp-content\/uploads\/2022\/08\/Logotipo_Masakata_350x100px.png\",\"contentUrl\":\"https:\/\/masakata.com\/wp-content\/uploads\/2022\/08\/Logotipo_Masakata_350x100px.png\",\"width\":350,\"height\":100,\"caption\":\"Camas para Perros\"},\"image\":{\"@id\":\"https:\/\/masakata.com\/#\/schema\/logo\/image\/\"}}]}<\/script>\n<!-- \/ Yoast SEO plugin. -->","yoast_head_json":{"title":"Mi cuenta - Camas para Perros","robots":{"index":"noindex","follow":"follow"},"og_locale":"ca_ES","og_type":"article","og_title":"Mi cuenta - Camas para Perros","og_description":"Mi cuenta Escritorio Pedidos Direcciones Detalles de la cuenta Cerrar sesi\u00f3n Escritorio Pedidos Direcciones Detalles de la cuenta Cerrar sesi\u00f3n Escritorio Pedidos Direcciones Detalles de la cuenta Cerrar sesi\u00f3n Escritorio Pedidos Direcciones Detalles de la cuenta Cerrar sesi\u00f3n Hola Camas para mascotas (\u00bfno eres Camas para mascotas? Cerrar sesi\u00f3n) Desde el escritorio de tu cuenta [&hellip;]","og_url":"https:\/\/masakata.com\/ca\/mi-cuenta\/","og_site_name":"Camas para Perros","article_modified_time":"2025-02-19T10:37:05+00:00","twitter_card":"summary_large_image","twitter_misc":{"Temps estimat de lectura":"2 minuts"},"schema":{"@context":"https:\/\/schema.org","@graph":[{"@type":"WebPage","@id":"https:\/\/masakata.com\/mi-cuenta\/","url":"https:\/\/masakata.com\/mi-cuenta\/","name":"Mi cuenta - Camas para Perros","isPartOf":{"@id":"https:\/\/masakata.com\/#website"},"datePublished":"2022-10-03T11:33:24+00:00","dateModified":"2025-02-19T10:37:05+00:00","breadcrumb":{"@id":"https:\/\/masakata.com\/mi-cuenta\/#breadcrumb"},"inLanguage":"ca","potentialAction":[{"@type":"ReadAction","target":["https:\/\/masakata.com\/mi-cuenta\/"]}]},{"@type":"BreadcrumbList","@id":"https:\/\/masakata.com\/mi-cuenta\/#breadcrumb","itemListElement":[{"@type":"ListItem","position":1,"name":"Portada","item":"https:\/\/masakata.com\/"},{"@type":"ListItem","position":2,"name":"Mi cuenta"}]},{"@type":"WebSite","@id":"https:\/\/masakata.com\/#website","url":"https:\/\/masakata.com\/","name":"Camas para Perros","description":"Camas para mascotas, gatos, perros, cachorros, perros con bursitis, etc","publisher":{"@id":"https:\/\/masakata.com\/#organization"},"potentialAction":[{"@type":"SearchAction","target":{"@type":"EntryPoint","urlTemplate":"https:\/\/masakata.com\/?s={search_term_string}"},"query-input":{"@type":"PropertyValueSpecification","valueRequired":true,"valueName":"search_term_string"}}],"inLanguage":"ca"},{"@type":"Organization","@id":"https:\/\/masakata.com\/#organization","name":"Camas para Perros","url":"https:\/\/masakata.com\/","logo":{"@type":"ImageObject","inLanguage":"ca","@id":"https:\/\/masakata.com\/#\/schema\/logo\/image\/","url":"https:\/\/masakata.com\/wp-content\/uploads\/2022\/08\/Logotipo_Masakata_350x100px.png","contentUrl":"https:\/\/masakata.com\/wp-content\/uploads\/2022\/08\/Logotipo_Masakata_350x100px.png","width":350,"height":100,"caption":"Camas para Perros"},"image":{"@id":"https:\/\/masakata.com\/#\/schema\/logo\/image\/"}}]}},"_links":{"self":[{"href":"https:\/\/masakata.com\/ca\/wp-json\/wp\/v2\/pages\/12","targetHints":{"allow":["GET"]}}],"collection":[{"href":"https:\/\/masakata.com\/ca\/wp-json\/wp\/v2\/pages"}],"about":[{"href":"https:\/\/masakata.com\/ca\/wp-json\/wp\/v2\/types\/page"}],"author":[{"embeddable":true,"href":"https:\/\/masakata.com\/ca\/wp-json\/wp\/v2\/users\/1"}],"replies":[{"embeddable":true,"href":"https:\/\/masakata.com\/ca\/wp-json\/wp\/v2\/comments?post=12"}],"version-history":[{"count":10,"href":"https:\/\/masakata.com\/ca\/wp-json\/wp\/v2\/pages\/12\/revisions"}],"predecessor-version":[{"id":1655,"href":"https:\/\/masakata.com\/ca\/wp-json\/wp\/v2\/pages\/12\/revisions\/1655"}],"wp:attachment":[{"href":"https:\/\/masakata.com\/ca\/wp-json\/wp\/v2\/media?parent=12"}],"curies":[{"name":"wp","href":"https:\/\/api.w.org\/{rel}","templated":true}]}}