{"id":3,"date":"2022-08-23T08:14:52","date_gmt":"2022-08-23T08:14:52","guid":{"rendered":"https:\/\/masakata.com\/?page_id=3"},"modified":"2022-12-27T13:05:21","modified_gmt":"2022-12-27T12:05:21","slug":"politica-privacidad","status":"publish","type":"page","link":"https:\/\/masakata.com\/ca\/politica-privacidad\/","title":{"rendered":"Pol\u00edtica de privacidad"},"content":{"rendered":"<div data-elementor-type=\"wp-page\" data-elementor-id=\"3\" class=\"elementor elementor-3\" data-elementor-post-type=\"page\">\n\t\t\t\t\t\t<section class=\"elementor-section elementor-top-section elementor-element elementor-element-a84218f elementor-section-boxed elementor-section-height-default elementor-section-height-default\" data-id=\"a84218f\" data-element_type=\"section\" data-e-type=\"section\" data-settings=\"{&quot;background_background&quot;:&quot;classic&quot;}\">\n\t\t\t\t\t\t<div class=\"elementor-container elementor-column-gap-default\">\n\t\t\t\t\t<div class=\"elementor-column elementor-col-100 elementor-top-column elementor-element elementor-element-40a68a2\" data-id=\"40a68a2\" data-element_type=\"column\" data-e-type=\"column\">\n\t\t\t<div class=\"elementor-widget-wrap elementor-element-populated\">\n\t\t\t\t\t\t<div class=\"elementor-element elementor-element-ef622cd elementor-widget elementor-widget-heading\" data-id=\"ef622cd\" data-element_type=\"widget\" data-e-type=\"widget\" data-widget_type=\"heading.default\">\n\t\t\t\t<div class=\"elementor-widget-container\">\n\t\t\t\t\t<h2 class=\"elementor-heading-title elementor-size-default\">Pol\u00edtica de privacitat<\/h2>\t\t\t\t<\/div>\n\t\t\t\t<\/div>\n\t\t\t\t\t<\/div>\n\t\t<\/div>\n\t\t\t\t\t<\/div>\n\t\t<\/section>\n\t\t\t\t<section class=\"elementor-section elementor-top-section elementor-element elementor-element-65678868 elementor-section-boxed elementor-section-height-default elementor-section-height-default\" data-id=\"65678868\" data-element_type=\"section\" data-e-type=\"section\">\n\t\t\t\t\t\t<div class=\"elementor-container elementor-column-gap-default\">\n\t\t\t\t\t<div class=\"elementor-column elementor-col-100 elementor-top-column elementor-element elementor-element-3f8724ee\" data-id=\"3f8724ee\" data-element_type=\"column\" data-e-type=\"column\">\n\t\t\t<div class=\"elementor-widget-wrap elementor-element-populated\">\n\t\t\t\t\t\t<div class=\"elementor-element elementor-element-72197c08 elementor-widget elementor-widget-text-editor\" data-id=\"72197c08\" data-element_type=\"widget\" data-e-type=\"widget\" data-widget_type=\"text-editor.default\">\n\t\t\t\t<div class=\"elementor-widget-container\">\n\t\t\t\t\t\t\t\t\t<p>Cal Rei Luxe Factory, SL \u00a0(en adelante, MASAKATA) titular del website https:\/\/www.masakata.com (desde ahora, \u201cwebsite\u201d) y responsable de tratamiento garantiza la protecci\u00f3n de todos los datos de car\u00e1cter personal que proporcione el usuario en el mismo. En cumplimiento de lo establecido en la Ley Org\u00e1nica 15\/1999, de 13 de diciembre, de Protecci\u00f3n de Datos de Car\u00e1cter Personal, as\u00ed como lo dispuesto en y el Reglamento (UE) 2016\/679 del Parlamento Europeo y del Consejo.\u00a0A tenor de lo establecido en el p\u00e1rrafo anterior, se le informa de que:<\/p>\n<p>a) En cumplimiento de lo establecido en\u00a0la\u00a0Ley Org\u00e1nica 15\/1999, el 13 de diciembre, de Protecci\u00f3n de Datos de Car\u00e1cter Personal\u00a0y el RD 1720\/2007 de 21 de diciembre\u00a0le informamos que mediante la cumplimentaci\u00f3n del presente formulario est\u00e1s dando el consentimiento expreso, \u00a0as\u00ed como de todos los datos de car\u00e1cter personal que proporcione el usuario en el website, a que \u00e9stos queden incorporados y sean tratados en un registro de actividades de tratamiento de datos personales al efecto y mantenido bajo la responsabilidad de MASAKATA , con CIF B65213977.<\/p>\n<p><strong>b) \u00bfQui\u00e9n es el responsable de tratamiento de sus datos?<\/strong><\/p>\n<ul>\n<li><strong>Identidad:<\/strong> Cal Rei Luxe Factory, SL \u00a0<\/li>\n<li><strong>Direcci\u00f3n postal:<\/strong> Avda. Vall\u00e8s, 71, 08228, Terrassa (Barcelona), Spain.<\/li>\n<li><strong>CIF:<\/strong> Cal Rei Luxe Factory, SL \u00a0<\/li>\n<li><strong>Correo electr\u00f3nico:<\/strong> info@masakata.com<\/li>\n<\/ul>\n<p><br \/><strong>c) \u00bfCon qu\u00e9 finalidades son recabadas los datos? \u00bfPor cu\u00e1nto tiempo conservaremos sus datos?<\/strong><\/p>\n<ul>\n<li>Atender, gestionar y resolver las consultas, preguntas, propuestas, petici\u00f3n de presupuestos y cualquier otra informaci\u00f3n requerida por el interesado (formulario de contacto). El tiempo de conservaci\u00f3n ser\u00e1 mientras dure el tratamiento para la gesti\u00f3n de las consultas.<\/li>\n<li>Relaci\u00f3n comercial con el cliente. El tiempo de conservaci\u00f3n ser\u00e1 el necesario para el tratamiento. Contratos y facturas cinco y diez a\u00f1os, respectivamente.<\/li>\n<li>Suscripci\u00f3n a la p\u00e1gina para recibir las nuevas entradas en el blog. La suscripci\u00f3n se realiza mediante la cumplimentaci\u00f3n del formulario de newsletter. El tiempo de conservaci\u00f3n ser\u00e1 mientras dure el tratamiento, salvo que el usuario ejerza sus derechos de cancelaci\u00f3n antes.<\/li>\n<li>Mediante el formulario de contacto se procede a la recogida y tratamiento automatizado de los datos personales como consecuencia de la consulta, solicitud o suscripci\u00f3n de cualquier servicio\/s de los ofrecidos por el propietario del website. El tiempo de conservaci\u00f3n ser\u00e1 mientras dure el tratamiento, salvo que el usuario ejerza sus derechos de cancelaci\u00f3n antes.<\/li>\n<li>Env\u00edo por medios electr\u00f3nicos de informaci\u00f3n de publicidad, noticias y novedades relacionadas con los productos y servicios del website (formulario de suscripci\u00f3n a newsletter). El tiempo de conservaci\u00f3n es mientras dure el tratamiento, salvo que el usuario ejerza sus derechos de cancelaci\u00f3n antes.<\/li>\n<li>Recogida y tratamiento automatizado de los datos personales, como consecuencia de la navegaci\u00f3n por las p\u00e1ginas del website (puede ver m\u00e1s abajo la pol\u00edtica de cookies).<\/li>\n<\/ul>\n<p><strong>d)\u00a0\u00bfCu\u00e1l es la base legal para el tratamiento de datos?<\/strong><\/p>\n<p>El tratamiento de datos personales que lleva a cabo MASAKATA, a trav\u00e9s de su website, tiene como base legal\u00a0el consentimiento.\u00a0Dicho consentimiento del interesado es\u00a0expreso, libre, espec\u00edfico, informado e inequ\u00edvoco.\u00a0\u00a0\u00a0En la recogida y el tratamiento de los datos de car\u00e1cter personal se han adoptado las medidas de seguridad adecuadas para evitar la p\u00e9rdida, el acceso no autorizado o la manipulaci\u00f3n de los mismos, de acuerdo con lo establecido en el Real Decreto 1720\/2007, de 21 de diciembre.\u00a0MASAKATA se compromete a proteger la informaci\u00f3n confidencial a la que tenga acceso.<\/p>\n<p><strong>e) \u00bfA qu\u00e9 destinatarios de comunicar\u00e1n tus datos?<\/strong><\/p>\n<ul>\n<li>MASAKATA se compromete a que, estos datos personales no ser\u00e1n compartidos o cedidos a terceros sin el consentimiento expreso de los usuarios. \u00a0<\/li>\n<li>La prestaci\u00f3n de ciertos servicios, no obstante, puede requerir de transferencias de datos a terceros pa\u00edses o entidades para la gesti\u00f3n de infraestructuras o la provisi\u00f3n de servicios, como, por ejemplo, la gesti\u00f3n de los boletines electr\u00f3nicos. En estos casos, se garantiza su alojamiento en pa\u00edses de la Uni\u00f3n Europea (y por tanto el cumplimiento del Reglamento General de Protecci\u00f3n de Datos europeo) o que est\u00e9n acogidos al acuerdo EU-US Privacy Shield, aprobado por el Comit\u00e9 Europeo de Protecci\u00f3n de Datos (consulta la informaci\u00f3n aqu\u00ed: https:\/\/www.privacyshield.gov\/list). Este es el caso de Active Campaign.<\/li>\n<li>La transferencia de esos datos no implicar\u00e1, en ning\u00fan caso, un uso que exceda el consentimiento expresado a los fines y condiciones presentes en esta pol\u00edtica de privacidad.<\/li>\n<\/ul>\n<p><br \/>f) En caso de facilitarnos datos de car\u00e1cter personal de otras personas sin indicar este hecho a MASAKATA, lo hace con su consentimiento expreso y habiendo sido informado, con car\u00e1cter previo, de los extremos contenidos en esta cl\u00e1usula. Del mismo modo, rogamos nos comunique cualquier variaci\u00f3n que pueda darse en los datos facilitados.<\/p>\n<p>MASAKATA no se hace responsable de la cesi\u00f3n de datos de terceros que no hayan prestado su consentimiento ni tengan conocimiento de los contenidos de la presente cl\u00e1usula, siendo responsabilidad de la persona que cede dichos datos al titular del website.<\/p>\n<p>g) En caso de no facilitar los datos requeridos, podr\u00eda traer consigo la imposibilidad de realizaci\u00f3n de la finalidad para la que se recaban dichos datos:Los servicios del website podr\u00edan no estar disponibles en su totalidad. El hecho de no facilitar el correo electr\u00f3nico, requisito para la suscripci\u00f3n a la newsletter, o su incorrecta transcripci\u00f3n en el formulario, impedir\u00eda realizar las comunicaciones que constituyen su finalidad (al no poderlas recibir el usuario). De no facilitar los datos requeridos en el formulario de contacto (nombre, email, asunto y mensaje), no se podr\u00edan llevar a cabo de forma satisfactoria los servicios solicitados. La negaci\u00f3n a aceptar la pol\u00edtica de cookies podr\u00eda suponer la p\u00e9rdida de funcionalidades de la p\u00e1gina web.<\/p>\n<p>h) El Usuario certifica que es mayor de 14 a\u00f1os y que por lo tanto posee la capacidad legal necesaria para la prestaci\u00f3n del consentimiento en cuenta al tratamiento de sus datos de car\u00e1cter personal y todo ello, de conformidad con lo establecido en la presente Pol\u00edtica de Privacidad.<\/p>\n<p>i) El Usuario cuenta, en todo momento, con la posibilidad de ejercitar los derechos de acceso, rectificaci\u00f3n, cancelaci\u00f3n y oposici\u00f3n sobre sus datos personales enviando comunicaci\u00f3n dirigida al propietario del website a la direcci\u00f3n de correo electr\u00f3nico info@masakata.com<\/p>\n<p>j) El interesado tiene derecho a recibir los datos personales que le conciernen, que haya facilitado a un responsable del tratamiento, en un formato estructurado, de uso com\u00fan y legible por m\u00e1quina y tiene derecho a transmitir dichos datos a otro responsable del tratamiento sin impedimentos del responsable del tratamiento al que haya facilitado los datos<\/p>\n<p>k)\u00a0 En determinadas circunstancias, los interesados podr\u00e1n solicitar la limitaci\u00f3n del tratamiento de sus datos, en cuyo caso \u00fanicamente los conservaremos para el ejercicio o la defensa de reclamaciones.<\/p>\n<p>l) En el caso de que se haya otorgado el consentimiento para alguna finalidad espec\u00edfica, tiene derecho a retirar el consentimiento en cualquier momento, sin que ello afecte a la licitud del tratamiento basado en el consentimiento previo a su retirada.<\/p>\n<p>m) Los interesados pueden presentar una reclamaci\u00f3n ante la Autoridad de Control en materia de Protecci\u00f3n de Datos competente cuando no hayan obtenido satisfacci\u00f3n en el ejercicio de sus derechos.<\/p>\n<p><strong>n) El consentimiento expreso manifestado al rellenar el formulario de inscripci\u00f3n, comprende tambi\u00e9n lo siguiente:<\/strong><\/p>\n<ul>\n<li>El usuario consiente en que se cedan sus datos personales cuando as\u00ed sea requerido por las Autoridades administrativas competentes o por mandato judicial.<\/li>\n<li>MASAKATA, se reserva el derecho a contratar a terceros para el tratamiento y gesti\u00f3n de las cuestiones de \u00e1mbito legislativo en general y, de lo relativo a protecci\u00f3n de datos en concreto. En todos estos casos, MASAKATA, obligar\u00e1 a la empresa contratada y\/o profesional particular y a los encargados de la gesti\u00f3n del tratamiento de los datos personales cedidos, a firmar un documento de confidencialidad de datos personales para asegurar la privacidad de esta informaci\u00f3n.<\/li>\n<li>Del mismo modo, se reserva el derecho a subcontratar a empleados para la prestaci\u00f3n de servicios de diversa \u00edndole en el para el conveniente desarrollo y organizaci\u00f3n de la actividad del website.<br \/><br \/><\/li>\n<\/ul>\n<p><strong>o) El Usuario autoriza al tratamiento de los datos personales cedidos a MASAKATA en los t\u00e9rminos establecidos en la presente cl\u00e1usula.<\/strong><\/p>\n<p>\u00a0<\/p>\n<p>\u00a0<\/p>\t\t\t\t\t\t\t\t<\/div>\n\t\t\t\t<\/div>\n\t\t\t\t\t<\/div>\n\t\t<\/div>\n\t\t\t\t\t<\/div>\n\t\t<\/section>\n\t\t\t\t<\/div>","protected":false},"excerpt":{"rendered":"<p>Pol\u00edtica de Privacidad Cal Rei Luxe Factory, SL \u00a0(en adelante, MASAKATA) titular del website https:\/\/www.masakata.com (desde ahora, \u201cwebsite\u201d) y responsable de tratamiento garantiza la protecci\u00f3n de todos los datos de car\u00e1cter personal que proporcione el usuario en el mismo. En cumplimiento de lo establecido en la Ley Org\u00e1nica 15\/1999, de 13 de diciembre, de Protecci\u00f3n [&hellip;]<\/p>","protected":false},"author":1,"featured_media":0,"parent":0,"menu_order":0,"comment_status":"closed","ping_status":"open","template":"elementor_header_footer","meta":{"footnotes":""},"class_list":["post-3","page","type-page","status-publish","hentry"],"yoast_head":"<!-- This site is optimized with the Yoast SEO plugin v26.9 - https:\/\/yoast.com\/product\/yoast-seo-wordpress\/ -->\n<title>Pol\u00edtica de privacidad - Camas para Perros<\/title>\n<meta name=\"robots\" content=\"index, follow, max-snippet:-1, max-image-preview:large, max-video-preview:-1\" \/>\n<link rel=\"canonical\" href=\"https:\/\/masakata.com\/ca\/politica-privacidad\/\" \/>\n<meta property=\"og:locale\" content=\"ca_ES\" \/>\n<meta property=\"og:type\" content=\"article\" \/>\n<meta property=\"og:title\" content=\"Pol\u00edtica de privacidad - Camas para Perros\" \/>\n<meta property=\"og:description\" content=\"Pol\u00edtica de Privacidad Cal Rei Luxe Factory, SL \u00a0(en adelante, MASAKATA) titular del website https:\/\/www.masakata.com (desde ahora, \u201cwebsite\u201d) y responsable de tratamiento garantiza la protecci\u00f3n de todos los datos de car\u00e1cter personal que proporcione el usuario en el mismo. En cumplimiento de lo establecido en la Ley Org\u00e1nica 15\/1999, de 13 de diciembre, de Protecci\u00f3n [&hellip;]\" \/>\n<meta property=\"og:url\" content=\"https:\/\/masakata.com\/ca\/politica-privacidad\/\" \/>\n<meta property=\"og:site_name\" content=\"Camas para Perros\" \/>\n<meta property=\"article:modified_time\" content=\"2022-12-27T12:05:21+00:00\" \/>\n<meta name=\"twitter:card\" content=\"summary_large_image\" \/>\n<meta name=\"twitter:label1\" content=\"Temps estimat de lectura\" \/>\n\t<meta name=\"twitter:data1\" content=\"7 minuts\" \/>\n<script type=\"application\/ld+json\" class=\"yoast-schema-graph\">{\"@context\":\"https:\/\/schema.org\",\"@graph\":[{\"@type\":\"WebPage\",\"@id\":\"https:\/\/masakata.com\/politica-privacidad\/\",\"url\":\"https:\/\/masakata.com\/politica-privacidad\/\",\"name\":\"Pol\u00edtica de privacidad - Camas para Perros\",\"isPartOf\":{\"@id\":\"https:\/\/masakata.com\/#website\"},\"datePublished\":\"2022-08-23T08:14:52+00:00\",\"dateModified\":\"2022-12-27T12:05:21+00:00\",\"breadcrumb\":{\"@id\":\"https:\/\/masakata.com\/politica-privacidad\/#breadcrumb\"},\"inLanguage\":\"ca\",\"potentialAction\":[{\"@type\":\"ReadAction\",\"target\":[\"https:\/\/masakata.com\/politica-privacidad\/\"]}]},{\"@type\":\"BreadcrumbList\",\"@id\":\"https:\/\/masakata.com\/politica-privacidad\/#breadcrumb\",\"itemListElement\":[{\"@type\":\"ListItem\",\"position\":1,\"name\":\"Portada\",\"item\":\"https:\/\/masakata.com\/\"},{\"@type\":\"ListItem\",\"position\":2,\"name\":\"Pol\u00edtica de privacidad\"}]},{\"@type\":\"WebSite\",\"@id\":\"https:\/\/masakata.com\/#website\",\"url\":\"https:\/\/masakata.com\/\",\"name\":\"Camas para Perros\",\"description\":\"Camas para mascotas, gatos, perros, cachorros, perros con bursitis, etc\",\"publisher\":{\"@id\":\"https:\/\/masakata.com\/#organization\"},\"potentialAction\":[{\"@type\":\"SearchAction\",\"target\":{\"@type\":\"EntryPoint\",\"urlTemplate\":\"https:\/\/masakata.com\/?s={search_term_string}\"},\"query-input\":{\"@type\":\"PropertyValueSpecification\",\"valueRequired\":true,\"valueName\":\"search_term_string\"}}],\"inLanguage\":\"ca\"},{\"@type\":\"Organization\",\"@id\":\"https:\/\/masakata.com\/#organization\",\"name\":\"Camas para Perros\",\"url\":\"https:\/\/masakata.com\/\",\"logo\":{\"@type\":\"ImageObject\",\"inLanguage\":\"ca\",\"@id\":\"https:\/\/masakata.com\/#\/schema\/logo\/image\/\",\"url\":\"https:\/\/masakata.com\/wp-content\/uploads\/2022\/08\/Logotipo_Masakata_350x100px.png\",\"contentUrl\":\"https:\/\/masakata.com\/wp-content\/uploads\/2022\/08\/Logotipo_Masakata_350x100px.png\",\"width\":350,\"height\":100,\"caption\":\"Camas para Perros\"},\"image\":{\"@id\":\"https:\/\/masakata.com\/#\/schema\/logo\/image\/\"}}]}<\/script>\n<!-- \/ Yoast SEO plugin. -->","yoast_head_json":{"title":"Pol\u00edtica de privacidad - Camas para Perros","robots":{"index":"index","follow":"follow","max-snippet":"max-snippet:-1","max-image-preview":"max-image-preview:large","max-video-preview":"max-video-preview:-1"},"canonical":"https:\/\/masakata.com\/ca\/politica-privacidad\/","og_locale":"ca_ES","og_type":"article","og_title":"Pol\u00edtica de privacidad - Camas para Perros","og_description":"Pol\u00edtica de Privacidad Cal Rei Luxe Factory, SL \u00a0(en adelante, MASAKATA) titular del website https:\/\/www.masakata.com (desde ahora, \u201cwebsite\u201d) y responsable de tratamiento garantiza la protecci\u00f3n de todos los datos de car\u00e1cter personal que proporcione el usuario en el mismo. En cumplimiento de lo establecido en la Ley Org\u00e1nica 15\/1999, de 13 de diciembre, de Protecci\u00f3n [&hellip;]","og_url":"https:\/\/masakata.com\/ca\/politica-privacidad\/","og_site_name":"Camas para Perros","article_modified_time":"2022-12-27T12:05:21+00:00","twitter_card":"summary_large_image","twitter_misc":{"Temps estimat de lectura":"7 minuts"},"schema":{"@context":"https:\/\/schema.org","@graph":[{"@type":"WebPage","@id":"https:\/\/masakata.com\/politica-privacidad\/","url":"https:\/\/masakata.com\/politica-privacidad\/","name":"Pol\u00edtica de privacidad - Camas para Perros","isPartOf":{"@id":"https:\/\/masakata.com\/#website"},"datePublished":"2022-08-23T08:14:52+00:00","dateModified":"2022-12-27T12:05:21+00:00","breadcrumb":{"@id":"https:\/\/masakata.com\/politica-privacidad\/#breadcrumb"},"inLanguage":"ca","potentialAction":[{"@type":"ReadAction","target":["https:\/\/masakata.com\/politica-privacidad\/"]}]},{"@type":"BreadcrumbList","@id":"https:\/\/masakata.com\/politica-privacidad\/#breadcrumb","itemListElement":[{"@type":"ListItem","position":1,"name":"Portada","item":"https:\/\/masakata.com\/"},{"@type":"ListItem","position":2,"name":"Pol\u00edtica de privacidad"}]},{"@type":"WebSite","@id":"https:\/\/masakata.com\/#website","url":"https:\/\/masakata.com\/","name":"Camas para Perros","description":"Camas para mascotas, gatos, perros, cachorros, perros con bursitis, etc","publisher":{"@id":"https:\/\/masakata.com\/#organization"},"potentialAction":[{"@type":"SearchAction","target":{"@type":"EntryPoint","urlTemplate":"https:\/\/masakata.com\/?s={search_term_string}"},"query-input":{"@type":"PropertyValueSpecification","valueRequired":true,"valueName":"search_term_string"}}],"inLanguage":"ca"},{"@type":"Organization","@id":"https:\/\/masakata.com\/#organization","name":"Camas para Perros","url":"https:\/\/masakata.com\/","logo":{"@type":"ImageObject","inLanguage":"ca","@id":"https:\/\/masakata.com\/#\/schema\/logo\/image\/","url":"https:\/\/masakata.com\/wp-content\/uploads\/2022\/08\/Logotipo_Masakata_350x100px.png","contentUrl":"https:\/\/masakata.com\/wp-content\/uploads\/2022\/08\/Logotipo_Masakata_350x100px.png","width":350,"height":100,"caption":"Camas para Perros"},"image":{"@id":"https:\/\/masakata.com\/#\/schema\/logo\/image\/"}}]}},"_links":{"self":[{"href":"https:\/\/masakata.com\/ca\/wp-json\/wp\/v2\/pages\/3","targetHints":{"allow":["GET"]}}],"collection":[{"href":"https:\/\/masakata.com\/ca\/wp-json\/wp\/v2\/pages"}],"about":[{"href":"https:\/\/masakata.com\/ca\/wp-json\/wp\/v2\/types\/page"}],"author":[{"embeddable":true,"href":"https:\/\/masakata.com\/ca\/wp-json\/wp\/v2\/users\/1"}],"replies":[{"embeddable":true,"href":"https:\/\/masakata.com\/ca\/wp-json\/wp\/v2\/comments?post=3"}],"version-history":[{"count":9,"href":"https:\/\/masakata.com\/ca\/wp-json\/wp\/v2\/pages\/3\/revisions"}],"predecessor-version":[{"id":1162,"href":"https:\/\/masakata.com\/ca\/wp-json\/wp\/v2\/pages\/3\/revisions\/1162"}],"wp:attachment":[{"href":"https:\/\/masakata.com\/ca\/wp-json\/wp\/v2\/media?parent=3"}],"curies":[{"name":"wp","href":"https:\/\/api.w.org\/{rel}","templated":true}]}}