{"id":460,"date":"2022-11-11T17:50:36","date_gmt":"2022-11-11T16:50:36","guid":{"rendered":"https:\/\/masakata.com\/?post_type=product&#038;p=460"},"modified":"2023-02-21T21:38:42","modified_gmt":"2023-02-21T20:38:42","slug":"heavy-full-equip","status":"publish","type":"product","link":"https:\/\/masakata.com\/ca\/producte\/heavy-full-equip\/","title":{"rendered":"Colchoneta ortop\u00e9dica 3D Heavy Full Equip: \u00abpara perros XXL\u00bb"},"content":{"rendered":"<h1><strong>Cama t\u00e9cnica 3D para Perros de Gran Tama\u00f1o:<br \/>\nHeavy Full Equip<\/strong><\/h1>\n<h5><strong>Cama doble grosor, doble amortiguaci\u00f3n para perros de peso elevado o que necesiten una cama con mucha amortiguaci\u00f3n<\/strong><\/h5>\n<h5><strong>\u00a1No pierde su resistencia ni amortiguaci\u00f3n a lo largo del tiempo gracias a su efecto muelle y su tecnolog\u00eda 3D de alta gama!<\/strong><\/h5>\n<ul>\n<li>Cama de <strong>d<em>oble cara\/reversible<\/em><\/strong>, con posibilidad de usar por un lado m\u00e1s abierto o por otro con el poro m\u00e1s cerrado.<\/li>\n<li><strong>Mantenimiento super f\u00e1cil<\/strong>, ideal pasar aspiradora cuando limpiemos la casa como si de una alfombra, se pude poner a la lavadora, secadora, usar productos desinfectantes tipo KH7, etc.<\/li>\n<li>Los pelos, la arena, las babas, bacterias, sangre, dejar\u00e1n de ser un problema de higiene con nuestras camas gracias a la facilidad de aspirado, lavado y secado ultra r\u00e1pido (Solo con el simple centrifugado o unos minutos al sol).<\/li>\n<li>Puedes<strong> llev\u00e1rtela a donde quieras, es flexible, moldeable, no pesa nada, no ocupa espacio<\/strong>. Maletero, trasportines, para poner en el sof\u00e1, encima de la cama, en la terraza, donde quieras&#8230;<\/li>\n<li>Si buscas una <strong>cama 100% resistente<\/strong> a la intemperie, esta es tu cama, al no tener rellenos, ni tejidos interiores no tienes que preocuparte de que se oxide ni amarillee, la lluvia o cualquier liquido se filtra a trav\u00e9s de esta cama, s\u00e9cala al aire libre o en la secadora y la tendr\u00e1s lista nuevamente como nueva<\/li>\n<li>Si te molesta tener que ir enfundando y desenfundado las camas de tu mascota cada vez que tienes que lavarla, con esta cama sin rellenos, hecha solo de una pieza con tejido 3D al completo.<\/li>\n<li>Su <strong>estructura f\u00edsica abierta<\/strong>, hace que haya siempre un flujo de aire constante, por lo que esta cama se convierte en un lugar libre de bacterias.<\/li>\n<li><strong>Cama anti escaras ideal para animales que han pasado por una operaci\u00f3n o cirug\u00eda<\/strong>, mascotas con dolores articulares, otitis cr\u00f3nicas, mascotas con olores fuertes o mascotas que tienen alguna herida por cicatrizar y necesitan un espacio donde dormir donde no haya humedad y predomine el ox\u00edgeno.<\/li>\n<li>Esta cama es muy resistente a deformarse a lo largo del tiempo y su uso.<\/li>\n<li>Cama con una textura parecida a una espuma semi-dura, pero sin los puntos d\u00e9biles de \u00e9sta.<\/li>\n<li><strong>Ideal para perros de edad avanzada,<\/strong> que les cuesta equilibrarse, esta colchoneta le ayudar\u00e1 a tener un lugar donde descansar con el <strong>m\u00e1ximo confort, higiene y estabilidad.<\/strong><\/li>\n<li>Si tienes un cachorrito que est\u00e1 aprendiendo a hacer pipi fuera, o que lo muerde todo est\u00e1 tambi\u00e9n puede ser una gran opci\u00f3n para ti, puedes usar un empapador por debajo o por encima si lo prefieres, la podr\u00e1s lavar f\u00e1cilmente tantas veces como quieras con un simple mangerazo, adem\u00e1s de que podr\u00e1s ir sac\u00e1ndola poco a poco a la intemperie o donde quieras que el cachorrito aprenda a hacer pipi. Como es tan resistente el cachorrito terminar\u00e1 aburrido intentando romperla o desgarrarla.<\/li>\n<li><strong>Cama antiestr\u00e9s,<\/strong> es una cama donde los perros y los gatos nos han ense\u00f1ado que les encanta rascarse u darse un peque\u00f1o, o no tan peque\u00f1o masajito. El <strong><em>\u00abefecto peelling\u00bb<\/em><\/strong> que esta cama les proporciona les da una sensaci\u00f3n de bienestar y satisfacci\u00f3n que les ayuda a bajar el nivel de cortisol que puedan generar durante el tiempo que se encuentran solos en sus hogares.<\/li>\n<\/ul>\n<p><b>CARACTER\u00cdSTIQUES<\/b><\/p>\n<p>Es una cama muy vers\u00e1til y elaborada con un <b>tejido de alta firmeza que proporciona al animal un descanso reparador <\/b>por que se adapta a su cuerpo.<\/p>\n<p><b>Es cama anti escaras<\/b>, esas heriditas que salen a los animales que est\u00e1n mucho tiempo tumbados por su edad o porque son convalecientes.<\/p>\n<p>Esta confeccionada en una sola pieza lo que le proporciona una <b>resistencia inusual<\/b> as\u00ed que es <b>ideal para animales muy destructores<\/b>, adem\u00e1s evitas roturas en trocitos para proteger a los m\u00e1s peque\u00f1os de posibles atragantamientos.<\/p>\n<p>Su tejido proporciona un <b>efecto peeling<\/b> cuando el animal se rasca proporcion\u00e1ndole una sensaci\u00f3n de bienestar y antiestr\u00e9s. As\u00ed <b>se relaja en su cama si tu no estas a su lado<\/b>.<\/p>\n<p>Tu mascota <b>siempre tendr\u00e1 la camita limpia<\/b> porque cualquier tipo de fluido o restos de tierra los puedes aspirar o se filtran por su tejido alej\u00e1ndolo de tu animal.<\/p>\n<p>&nbsp;<\/p>\n<p><b>TAMB\u00c9 CREIEM EN TU<\/b><\/p>\n<p>Esta cama <b>tiene un mantenimiento super r\u00e1pido<\/b>, no hay que desenfundar. Es una sola pieza.<\/p>\n<p><b>Puedes aprovechar a aspirarla<\/b> cuando estes limpiando tu casa. Y si lo prefieres, tambi\u00e9n <b>la puedes lavar en la lavadora, en secadora o con la manguera<\/b>. Usa los productos habituales que uses para la desinfecci\u00f3n de la cama porque es muy resistente.<\/p>\n<p>Los pelos de tu mascota no pondr\u00e1n de punta los tuyos por que, esta cama con su <b>tejido microperforado los pelos salen muy bien con un ligero aspirado<\/b>, no se quedan enredados.<\/p>\n<p>Si tu perro o gato es de los que echa de menos su cama cuando os vais de aventuras, rel\u00e1jate por que <b>te la puedes llevar a cualquier sitio ya que es muy ligera y se puede doblar<\/b>. La puedes poner en le trasport\u00edn, en el coche, o en tu mochila.<\/p>\n<p>Y en casa, col\u00f3cala donde mejor te venga en el sal\u00f3n, en el jard\u00edn, en la terraza. <b>Es recomendable 100% para uso en exteriores por su resistencia al sol e impermeabilidad.<\/b><\/p>\n<p><b>Evita olores desagradables en casa <\/b>porque la cama t\u00e9cnica 3D est\u00e1 elaborada con un poli\u00e9ster abierto que permite que pase el agua y el aire, evitando as\u00ed las bacterias que producen el desagradable olor.<\/p>","protected":false},"excerpt":{"rendered":"<h2><strong>Cama para \u00abPerros de Gran Tama\u00f1o\u00bb:<br \/>\n<\/strong><\/h2>\n<h3><strong>Cama doble grosor, doble amortiguaci\u00f3n para perros de peso elevado o que necesiten una cama con mucha amortiguaci\u00f3n<\/strong><\/h3>\n<p>\u00a1No pierde su resistencia ni amortiguaci\u00f3n a lo largo del tiempo gracias a su efecto muelle y su tecnolog\u00eda 3D de alta gama!<\/p>\n<p>Es una cama muy vers\u00e1til, de alta resistencia, sin rellenos, ni cremalleras, ortop\u00e9dica y anti-escaras, transpirable, de f\u00e1cil limpieza, indoor y outdoor, y muchas m\u00e1s incre\u00edbles caracter\u00edsticas gracias a su\u00a0tejido<strong> 3D de alta firmeza y calidad que proporcionan al animal un descanso reparador. \u00a1Desc\u00fabrela!<\/strong><\/p>","protected":false},"featured_media":1365,"comment_status":"closed","ping_status":"closed","template":"","meta":[],"product_brand":[],"product_cat":[15,56],"product_tag":[],"class_list":{"0":"post-460","1":"product","2":"type-product","3":"status-publish","4":"has-post-thumbnail","6":"product_cat-cama-para-perros-grandes","7":"product_cat-perros-de-gran-tamano","9":"first","10":"instock","11":"taxable","12":"shipping-taxable","13":"purchasable","14":"product-type-variable"},"yoast_head":"<!-- This site is optimized with the Yoast SEO plugin v26.9 - https:\/\/yoast.com\/product\/yoast-seo-wordpress\/ -->\n<title>Colchoneta ortop\u00e9dica 3D Heavy Full Equip: &quot;para perros XXL&quot; - Camas para Perros<\/title>\n<meta name=\"robots\" content=\"index, follow, max-snippet:-1, max-image-preview:large, max-video-preview:-1\" \/>\n<link rel=\"canonical\" href=\"https:\/\/masakata.com\/ca\/producte\/heavy-full-equip\/\" \/>\n<meta property=\"og:locale\" content=\"ca_ES\" \/>\n<meta property=\"og:type\" content=\"article\" \/>\n<meta property=\"og:title\" content=\"Colchoneta ortop\u00e9dica 3D Heavy Full Equip: &quot;para perros XXL&quot; - Camas para Perros\" \/>\n<meta property=\"og:description\" content=\"Cama para &quot;Perros de Gran Tama\u00f1o&quot;:  Cama doble grosor, doble amortiguaci\u00f3n para perros de peso elevado o que necesiten una cama con mucha amortiguaci\u00f3n \u00a1No pierde su resistencia ni amortiguaci\u00f3n a lo largo del tiempo gracias a su efecto muelle y su tecnolog\u00eda 3D de alta gama!  Es una cama muy vers\u00e1til, de alta resistencia, sin rellenos, ni cremalleras, ortop\u00e9dica y anti-escaras, transpirable, de f\u00e1cil limpieza, indoor y outdoor, y muchas m\u00e1s incre\u00edbles caracter\u00edsticas gracias a su\u00a0tejido 3D de alta firmeza y calidad que proporcionan al animal un descanso reparador. \u00a1Desc\u00fabrela!\" \/>\n<meta property=\"og:url\" content=\"https:\/\/masakata.com\/ca\/producte\/heavy-full-equip\/\" \/>\n<meta property=\"og:site_name\" content=\"Camas para Perros\" \/>\n<meta property=\"article:modified_time\" content=\"2023-02-21T20:38:42+00:00\" \/>\n<meta property=\"og:image\" content=\"https:\/\/masakata.com\/wp-content\/uploads\/2022\/11\/400x400-TAO.png\" \/>\n\t<meta property=\"og:image:width\" content=\"400\" \/>\n\t<meta property=\"og:image:height\" content=\"400\" \/>\n\t<meta property=\"og:image:type\" content=\"image\/png\" \/>\n<meta name=\"twitter:card\" content=\"summary_large_image\" \/>\n<meta name=\"twitter:label1\" content=\"Temps estimat de lectura\" \/>\n\t<meta name=\"twitter:data1\" content=\"5 minuts\" \/>\n<script type=\"application\/ld+json\" class=\"yoast-schema-graph\">{\"@context\":\"https:\/\/schema.org\",\"@graph\":[{\"@type\":\"WebPage\",\"@id\":\"https:\/\/masakata.com\/producto\/heavy-full-equip\/\",\"url\":\"https:\/\/masakata.com\/producto\/heavy-full-equip\/\",\"name\":\"Colchoneta ortop\u00e9dica 3D Heavy Full Equip: \\\"para perros XXL\\\" - Camas para Perros\",\"isPartOf\":{\"@id\":\"https:\/\/masakata.com\/#website\"},\"primaryImageOfPage\":{\"@id\":\"https:\/\/masakata.com\/producto\/heavy-full-equip\/#primaryimage\"},\"image\":{\"@id\":\"https:\/\/masakata.com\/producto\/heavy-full-equip\/#primaryimage\"},\"thumbnailUrl\":\"https:\/\/masakata.com\/wp-content\/uploads\/2022\/11\/400x400-TAO.png\",\"datePublished\":\"2022-11-11T16:50:36+00:00\",\"dateModified\":\"2023-02-21T20:38:42+00:00\",\"breadcrumb\":{\"@id\":\"https:\/\/masakata.com\/producto\/heavy-full-equip\/#breadcrumb\"},\"inLanguage\":\"ca\",\"potentialAction\":[{\"@type\":\"ReadAction\",\"target\":[\"https:\/\/masakata.com\/producto\/heavy-full-equip\/\"]}]},{\"@type\":\"ImageObject\",\"inLanguage\":\"ca\",\"@id\":\"https:\/\/masakata.com\/producto\/heavy-full-equip\/#primaryimage\",\"url\":\"https:\/\/masakata.com\/wp-content\/uploads\/2022\/11\/400x400-TAO.png\",\"contentUrl\":\"https:\/\/masakata.com\/wp-content\/uploads\/2022\/11\/400x400-TAO.png\",\"width\":400,\"height\":400},{\"@type\":\"BreadcrumbList\",\"@id\":\"https:\/\/masakata.com\/producto\/heavy-full-equip\/#breadcrumb\",\"itemListElement\":[{\"@type\":\"ListItem\",\"position\":1,\"name\":\"Portada\",\"item\":\"https:\/\/masakata.com\/\"},{\"@type\":\"ListItem\",\"position\":2,\"name\":\"Tienda\",\"item\":\"https:\/\/masakata.com\/tienda\/\"},{\"@type\":\"ListItem\",\"position\":3,\"name\":\"Colchoneta ortop\u00e9dica 3D Heavy Full Equip: \u00abpara perros XXL\u00bb\"}]},{\"@type\":\"WebSite\",\"@id\":\"https:\/\/masakata.com\/#website\",\"url\":\"https:\/\/masakata.com\/\",\"name\":\"Camas para Perros\",\"description\":\"Camas para mascotas, gatos, perros, cachorros, perros con bursitis, etc\",\"publisher\":{\"@id\":\"https:\/\/masakata.com\/#organization\"},\"potentialAction\":[{\"@type\":\"SearchAction\",\"target\":{\"@type\":\"EntryPoint\",\"urlTemplate\":\"https:\/\/masakata.com\/?s={search_term_string}\"},\"query-input\":{\"@type\":\"PropertyValueSpecification\",\"valueRequired\":true,\"valueName\":\"search_term_string\"}}],\"inLanguage\":\"ca\"},{\"@type\":\"Organization\",\"@id\":\"https:\/\/masakata.com\/#organization\",\"name\":\"Camas para Perros\",\"url\":\"https:\/\/masakata.com\/\",\"logo\":{\"@type\":\"ImageObject\",\"inLanguage\":\"ca\",\"@id\":\"https:\/\/masakata.com\/#\/schema\/logo\/image\/\",\"url\":\"https:\/\/masakata.com\/wp-content\/uploads\/2022\/08\/Logotipo_Masakata_350x100px.png\",\"contentUrl\":\"https:\/\/masakata.com\/wp-content\/uploads\/2022\/08\/Logotipo_Masakata_350x100px.png\",\"width\":350,\"height\":100,\"caption\":\"Camas para Perros\"},\"image\":{\"@id\":\"https:\/\/masakata.com\/#\/schema\/logo\/image\/\"}}]}<\/script>\n<!-- \/ Yoast SEO plugin. -->","yoast_head_json":{"title":"Colchoneta ortop\u00e9dica 3D Heavy Full Equip: \"para perros XXL\" - Camas para Perros","robots":{"index":"index","follow":"follow","max-snippet":"max-snippet:-1","max-image-preview":"max-image-preview:large","max-video-preview":"max-video-preview:-1"},"canonical":"https:\/\/masakata.com\/ca\/producte\/heavy-full-equip\/","og_locale":"ca_ES","og_type":"article","og_title":"Colchoneta ortop\u00e9dica 3D Heavy Full Equip: \"para perros XXL\" - Camas para Perros","og_description":"Cama para \"Perros de Gran Tama\u00f1o\":  Cama doble grosor, doble amortiguaci\u00f3n para perros de peso elevado o que necesiten una cama con mucha amortiguaci\u00f3n \u00a1No pierde su resistencia ni amortiguaci\u00f3n a lo largo del tiempo gracias a su efecto muelle y su tecnolog\u00eda 3D de alta gama!  Es una cama muy vers\u00e1til, de alta resistencia, sin rellenos, ni cremalleras, ortop\u00e9dica y anti-escaras, transpirable, de f\u00e1cil limpieza, indoor y outdoor, y muchas m\u00e1s incre\u00edbles caracter\u00edsticas gracias a su\u00a0tejido 3D de alta firmeza y calidad que proporcionan al animal un descanso reparador. \u00a1Desc\u00fabrela!","og_url":"https:\/\/masakata.com\/ca\/producte\/heavy-full-equip\/","og_site_name":"Camas para Perros","article_modified_time":"2023-02-21T20:38:42+00:00","og_image":[{"width":400,"height":400,"url":"https:\/\/masakata.com\/wp-content\/uploads\/2022\/11\/400x400-TAO.png","type":"image\/png"}],"twitter_card":"summary_large_image","twitter_misc":{"Temps estimat de lectura":"5 minuts"},"schema":{"@context":"https:\/\/schema.org","@graph":[{"@type":"WebPage","@id":"https:\/\/masakata.com\/producto\/heavy-full-equip\/","url":"https:\/\/masakata.com\/producto\/heavy-full-equip\/","name":"Colchoneta ortop\u00e9dica 3D Heavy Full Equip: \"para perros XXL\" - Camas para Perros","isPartOf":{"@id":"https:\/\/masakata.com\/#website"},"primaryImageOfPage":{"@id":"https:\/\/masakata.com\/producto\/heavy-full-equip\/#primaryimage"},"image":{"@id":"https:\/\/masakata.com\/producto\/heavy-full-equip\/#primaryimage"},"thumbnailUrl":"https:\/\/masakata.com\/wp-content\/uploads\/2022\/11\/400x400-TAO.png","datePublished":"2022-11-11T16:50:36+00:00","dateModified":"2023-02-21T20:38:42+00:00","breadcrumb":{"@id":"https:\/\/masakata.com\/producto\/heavy-full-equip\/#breadcrumb"},"inLanguage":"ca","potentialAction":[{"@type":"ReadAction","target":["https:\/\/masakata.com\/producto\/heavy-full-equip\/"]}]},{"@type":"ImageObject","inLanguage":"ca","@id":"https:\/\/masakata.com\/producto\/heavy-full-equip\/#primaryimage","url":"https:\/\/masakata.com\/wp-content\/uploads\/2022\/11\/400x400-TAO.png","contentUrl":"https:\/\/masakata.com\/wp-content\/uploads\/2022\/11\/400x400-TAO.png","width":400,"height":400},{"@type":"BreadcrumbList","@id":"https:\/\/masakata.com\/producto\/heavy-full-equip\/#breadcrumb","itemListElement":[{"@type":"ListItem","position":1,"name":"Portada","item":"https:\/\/masakata.com\/"},{"@type":"ListItem","position":2,"name":"Tienda","item":"https:\/\/masakata.com\/tienda\/"},{"@type":"ListItem","position":3,"name":"Colchoneta ortop\u00e9dica 3D Heavy Full Equip: \u00abpara perros XXL\u00bb"}]},{"@type":"WebSite","@id":"https:\/\/masakata.com\/#website","url":"https:\/\/masakata.com\/","name":"Camas para Perros","description":"Camas para mascotas, gatos, perros, cachorros, perros con bursitis, etc","publisher":{"@id":"https:\/\/masakata.com\/#organization"},"potentialAction":[{"@type":"SearchAction","target":{"@type":"EntryPoint","urlTemplate":"https:\/\/masakata.com\/?s={search_term_string}"},"query-input":{"@type":"PropertyValueSpecification","valueRequired":true,"valueName":"search_term_string"}}],"inLanguage":"ca"},{"@type":"Organization","@id":"https:\/\/masakata.com\/#organization","name":"Camas para Perros","url":"https:\/\/masakata.com\/","logo":{"@type":"ImageObject","inLanguage":"ca","@id":"https:\/\/masakata.com\/#\/schema\/logo\/image\/","url":"https:\/\/masakata.com\/wp-content\/uploads\/2022\/08\/Logotipo_Masakata_350x100px.png","contentUrl":"https:\/\/masakata.com\/wp-content\/uploads\/2022\/08\/Logotipo_Masakata_350x100px.png","width":350,"height":100,"caption":"Camas para Perros"},"image":{"@id":"https:\/\/masakata.com\/#\/schema\/logo\/image\/"}}]}},"_links":{"self":[{"href":"https:\/\/masakata.com\/ca\/wp-json\/wp\/v2\/product\/460","targetHints":{"allow":["GET"]}}],"collection":[{"href":"https:\/\/masakata.com\/ca\/wp-json\/wp\/v2\/product"}],"about":[{"href":"https:\/\/masakata.com\/ca\/wp-json\/wp\/v2\/types\/product"}],"replies":[{"embeddable":true,"href":"https:\/\/masakata.com\/ca\/wp-json\/wp\/v2\/comments?post=460"}],"wp:featuredmedia":[{"embeddable":true,"href":"https:\/\/masakata.com\/ca\/wp-json\/wp\/v2\/media\/1365"}],"wp:attachment":[{"href":"https:\/\/masakata.com\/ca\/wp-json\/wp\/v2\/media?parent=460"}],"wp:term":[{"taxonomy":"product_brand","embeddable":true,"href":"https:\/\/masakata.com\/ca\/wp-json\/wp\/v2\/product_brand?post=460"},{"taxonomy":"product_cat","embeddable":true,"href":"https:\/\/masakata.com\/ca\/wp-json\/wp\/v2\/product_cat?post=460"},{"taxonomy":"product_tag","embeddable":true,"href":"https:\/\/masakata.com\/ca\/wp-json\/wp\/v2\/product_tag?post=460"}],"curies":[{"name":"wp","href":"https:\/\/api.w.org\/{rel}","templated":true}]}}