{"id":494,"date":"2022-11-13T06:11:17","date_gmt":"2022-11-13T05:11:17","guid":{"rendered":"https:\/\/masakata.com\/?post_type=product&#038;p=494"},"modified":"2024-05-28T14:08:00","modified_gmt":"2024-05-28T12:08:00","slug":"4x4-resistance","status":"publish","type":"product","link":"https:\/\/masakata.com\/ca\/producte\/4x4-resistance\/","title":{"rendered":"4&#215;4 Resistance para los perros que lo muerden todo"},"content":{"rendered":"<h2><strong>Cama para \u00abPerros Destroyer\u00bb cachorros o mayores<br \/>\nResist\u00e8ncia de 4\u00d74<\/strong><\/h2>\n<h3><strong>Cama pensada para los perros que son muy destructores y rompen todas sus camas <em>(Fabricada<\/em><\/strong><em><strong> sin vivos ni a\u00f1adidos, para evitar que el animal encuentre zonas donde empezar a morder, al ser toda <\/strong><strong>de una pieza, es una de las camas m\u00e1s resistentes del mercado)<\/strong><\/em><\/h3>\n<h3><strong>Se han realizado pruebas de resistencia con perros de vigilancia\u00a0<\/strong><\/h3>\n<ul>\n<li>Cama de d<em>oble cara\/reversible<\/em>, con posibilidad de usar por un lado m\u00e1s abierto o por otro con el poro m\u00e1s cerrado.<\/li>\n<li><strong>Mantenimiento super f\u00e1cil<\/strong>, ideal pasar aspiradora cuando limpiemos la casa como si de una alfombra, se pude poner a la lavadora, secadora, usar productos desinfectantes tipo KH7, etc.<\/li>\n<li>Los pelos, la arena, las babas, bacterias, sangre, dejar\u00e1n de ser un problema de higiene con nuestras camas gracias a la facilidad de aspirado, lavado y secado ultra r\u00e1pido (Solo con el simple centrifugado o unos minutos al sol).<\/li>\n<li>Puedes <strong>llev\u00e1rtela a donde quieras, es flexible, moldeable, no pesa nada,<\/strong> no ocupa espacio. Maletero, trasportines, para poner en el sof\u00e1, encima de la cama, en la terraza, donde quieras,<\/li>\n<li>Si buscas una <strong>cama 100% resistente<\/strong> a la intemperie, esta es tu cama, al no tener rellenos, ni tejidos interiores no tienes que preocuparte de que se oxide ni amarillee, la lluvia o cualquier liquido se filtra a trav\u00e9s de esta cama, s\u00e9cala al aire libre o en la secadora y la tendr\u00e1s lista nuevamente como nueva<\/li>\n<li>Si te molesta tener que ir enfundando y desenfundado las camas de tu mascota cada vez que tienes que lavarla, con esta<strong> cama sin rellenos,<\/strong> hecha solo de una pieza con tejido 3D al completo.<\/li>\n<li>Su estructura f\u00edsica abierta, hace que haya siempre un flujo de aire constante, por lo que esta cama se convierte en un lugar libre de bacterias.<\/li>\n<li>Cama anti escaras ideal para animales que han pasado por una operaci\u00f3n o cirug\u00eda, mascotas con dolores articulares, otitis cr\u00f3nicas, mascotas con olores fuertes o mascotas que tienen alguna herida por cicatrizar y necesitan un espacio donde dormir donde no haya humedad y predomine el ox\u00edgeno.<\/li>\n<li>Esta cama es muy resistente a deformarse a lo largo del tiempo y su uso.<\/li>\n<li>Cama con una textura parecida a una espuma semi-dura, pero sin los puntos d\u00e9biles de \u00e9sta.<\/li>\n<li><strong>Ideal para perros de edad avanzada<\/strong>, que les cuesta equilibrarse, esta colchoneta le ayudar\u00e1 a tener un lugar donde descansar con el m\u00e1ximo confort, higiene y estabilidad.<\/li>\n<li>Si tienes un cachorrito que est\u00e1 aprendiendo a hacer pipi fuera, o que lo muerde todo est\u00e1 tambi\u00e9n puede ser una gran opci\u00f3n para ti, puedes usar un empapador por debajo o por encima si lo prefieres, la podr\u00e1s lavar f\u00e1cilmente tantas veces como quieras con un simple mangerazo, adem\u00e1s de que podr\u00e1s ir sac\u00e1ndola poco a poco a la intemperie o donde quieras que el cachorrito aprenda a hacer pipi. Como es tan resistente el cachorrito terminar\u00e1 aburrido intentando romperla o desgarrarla.<\/li>\n<li><strong>Cama antiestr\u00e9s<\/strong>, es una cama donde los perros y los gatos nos han ense\u00f1ado que les encanta rascarse u darse un peque\u00f1o, o no tan peque\u00f1o masajito. El<em> \u00abefecto peelling\u00bb<\/em> que esta cama les proporciona les da una sensaci\u00f3n de bienestar y satisfacci\u00f3n que les ayuda a bajar el nivel de cortisol que puedan generar durante el tiempo que se encuentran solos en sus hogares.<\/li>\n<\/ul>\n<p><b>CARACTER\u00cdSTIQUES<\/b><\/p>\n<p>Es una cama muy vers\u00e1til y elaborada con un <b>tejido de alta firmeza que proporciona al animal un descanso reparador <\/b>por que se adapta a su cuerpo.<\/p>\n<p><b>Es cama anti escaras<\/b>, esas heriditas que salen a los animales que est\u00e1n mucho tiempo tumbados por su edad o porque son convalecientes.<\/p>\n<p>Esta confeccionada en una sola pieza lo que le proporciona una <b>resistencia inusual<\/b> as\u00ed que es <b>ideal para animales muy destructores<\/b>, adem\u00e1s evitas roturas en trocitos para proteger a los m\u00e1s peque\u00f1os de posibles atragantamientos.<\/p>\n<p>Su tejido proporciona un <b>efecto peeling<\/b> cuando el animal se rasca proporcion\u00e1ndole una sensaci\u00f3n de bienestar y antiestr\u00e9s. As\u00ed <b>se relaja en su cama si tu no estas a su lado<\/b>.<\/p>\n<p>Tu mascota <b>siempre tendr\u00e1 la camita limpia<\/b> porque cualquier tipo de fluido o restos de tierra los puedes aspirar o se filtran por su tejido alej\u00e1ndolo de tu animal.<\/p>\n<p>&nbsp;<\/p>\n<p><b>TAMB\u00c9 CREIEM EN TU<\/b><\/p>\n<p>Esta cama <b>tiene un mantenimiento super r\u00e1pido<\/b>, no hay que desenfundar. Es una sola pieza.<\/p>\n<p><b>Puedes aprovechar a aspirarla<\/b> cuando estes limpiando tu casa. Y si lo prefieres, tambi\u00e9n <b>la puedes lavar en la lavadora, en secadora o con la manguera<\/b>. Usa los productos habituales que uses para la desinfecci\u00f3n de la cama porque es muy resistente.<\/p>\n<p>Los pelos de tu mascota no pondr\u00e1n de punta los tuyos por que, esta cama con su <b>tejido microperforado los pelos salen muy bien con un ligero aspirado<\/b>, no se quedan enredados.<\/p>\n<p>Si tu perro o gato es de los que echa de menos su cama cuando os vais de aventuras, rel\u00e1jate por que <b>te la puedes llevar a cualquier sitio ya que es muy ligera y se puede doblar<\/b>. La puedes poner en le trasport\u00edn, en el coche, o en tu mochila.<\/p>\n<p>Y en casa, col\u00f3cala donde mejor te venga en el sal\u00f3n, en el jard\u00edn, en la terraza. <b>Es recomendable 100% para uso en exteriores por su resistencia al sol e impermeabilidad.<\/b><\/p>\n<p><b>Evita olores desagradables en casa <\/b>porque la cama t\u00e9cnica 3D est\u00e1 elaborada con un poli\u00e9ster abierto que permite que pase el agua y el aire, evitando as\u00ed las bacterias que producen el desagradable olor.<\/p>","protected":false},"excerpt":{"rendered":"<h2><strong>Cama para \u00abperros destroyer\u00bb cachorros y\/o adultos<br \/>\nResist\u00e8ncia de 4\u00d74<\/strong><\/h2>\n<h4>Cama pensada para los perros que son muy destructores y rompen todas sus camas (Fabricada sin vivos ni a\u00f1adidos, para evitar que el animal encuentre zonas donde empezar a morder, al ser toda de una pieza, es una de las camas m\u00e1s resistentes del mercado)<\/h4>\n<p>\u00a1Se han realizado pruebas de resistencia con perros de vigilancia!<\/p>","protected":false},"featured_media":510,"comment_status":"closed","ping_status":"closed","template":"","meta":[],"product_brand":[],"product_cat":[15,57],"product_tag":[],"class_list":{"0":"post-494","1":"product","2":"type-product","3":"status-publish","4":"has-post-thumbnail","6":"product_cat-cama-para-perros-grandes","7":"product_cat-perros-destroyer","9":"first","10":"instock","11":"taxable","12":"shipping-taxable","13":"purchasable","14":"product-type-variable"},"yoast_head":"<!-- This site is optimized with the Yoast SEO plugin v26.9 - https:\/\/yoast.com\/product\/yoast-seo-wordpress\/ -->\n<title>4x4 Resistance para los perros que lo muerden todo - Camas para Perros<\/title>\n<meta name=\"robots\" content=\"index, follow, max-snippet:-1, max-image-preview:large, max-video-preview:-1\" \/>\n<link rel=\"canonical\" href=\"https:\/\/masakata.com\/ca\/producte\/4x4-resistance\/\" \/>\n<meta property=\"og:locale\" content=\"ca_ES\" \/>\n<meta property=\"og:type\" content=\"article\" \/>\n<meta property=\"og:title\" content=\"4x4 Resistance para los perros que lo muerden todo - Camas para Perros\" \/>\n<meta property=\"og:description\" content=\"Cama para &quot;perros destroyer&quot; cachorros y\/o adultos 4x4 Resistance Cama pensada para los perros que son muy destructores y rompen todas sus camas (Fabricada sin vivos ni a\u00f1adidos, para evitar que el animal encuentre zonas donde empezar a morder, al ser toda de una pieza, es una de las camas m\u00e1s resistentes del mercado) \u00a1Se han realizado pruebas de resistencia con perros de vigilancia!\" \/>\n<meta property=\"og:url\" content=\"https:\/\/masakata.com\/ca\/producte\/4x4-resistance\/\" \/>\n<meta property=\"og:site_name\" content=\"Camas para Perros\" \/>\n<meta property=\"article:modified_time\" content=\"2024-05-28T12:08:00+00:00\" \/>\n<meta property=\"og:image\" content=\"https:\/\/masakata.com\/wp-content\/uploads\/2022\/11\/Camas-perros-grandes-tecnica-3d-perros-destroyer-4x4-resistance-36.jpg\" \/>\n\t<meta property=\"og:image:width\" content=\"400\" \/>\n\t<meta property=\"og:image:height\" content=\"400\" \/>\n\t<meta property=\"og:image:type\" content=\"image\/jpeg\" \/>\n<meta name=\"twitter:card\" content=\"summary_large_image\" \/>\n<meta name=\"twitter:label1\" content=\"Temps estimat de lectura\" \/>\n\t<meta name=\"twitter:data1\" content=\"5 minuts\" \/>\n<script type=\"application\/ld+json\" class=\"yoast-schema-graph\">{\"@context\":\"https:\/\/schema.org\",\"@graph\":[{\"@type\":\"WebPage\",\"@id\":\"https:\/\/masakata.com\/producto\/4x4-resistance\/\",\"url\":\"https:\/\/masakata.com\/producto\/4x4-resistance\/\",\"name\":\"4x4 Resistance para los perros que lo muerden todo - Camas para Perros\",\"isPartOf\":{\"@id\":\"https:\/\/masakata.com\/#website\"},\"primaryImageOfPage\":{\"@id\":\"https:\/\/masakata.com\/producto\/4x4-resistance\/#primaryimage\"},\"image\":{\"@id\":\"https:\/\/masakata.com\/producto\/4x4-resistance\/#primaryimage\"},\"thumbnailUrl\":\"https:\/\/masakata.com\/wp-content\/uploads\/2022\/11\/Camas-perros-grandes-tecnica-3d-perros-destroyer-4x4-resistance-36.jpg\",\"datePublished\":\"2022-11-13T05:11:17+00:00\",\"dateModified\":\"2024-05-28T12:08:00+00:00\",\"breadcrumb\":{\"@id\":\"https:\/\/masakata.com\/producto\/4x4-resistance\/#breadcrumb\"},\"inLanguage\":\"ca\",\"potentialAction\":[{\"@type\":\"ReadAction\",\"target\":[\"https:\/\/masakata.com\/producto\/4x4-resistance\/\"]}]},{\"@type\":\"ImageObject\",\"inLanguage\":\"ca\",\"@id\":\"https:\/\/masakata.com\/producto\/4x4-resistance\/#primaryimage\",\"url\":\"https:\/\/masakata.com\/wp-content\/uploads\/2022\/11\/Camas-perros-grandes-tecnica-3d-perros-destroyer-4x4-resistance-36.jpg\",\"contentUrl\":\"https:\/\/masakata.com\/wp-content\/uploads\/2022\/11\/Camas-perros-grandes-tecnica-3d-perros-destroyer-4x4-resistance-36.jpg\",\"width\":400,\"height\":400,\"caption\":\"Camas-perros-grandes-tecnica-3d-perros-destroyer-4x4-resistance (36)\"},{\"@type\":\"BreadcrumbList\",\"@id\":\"https:\/\/masakata.com\/producto\/4x4-resistance\/#breadcrumb\",\"itemListElement\":[{\"@type\":\"ListItem\",\"position\":1,\"name\":\"Portada\",\"item\":\"https:\/\/masakata.com\/\"},{\"@type\":\"ListItem\",\"position\":2,\"name\":\"Tienda\",\"item\":\"https:\/\/masakata.com\/tienda\/\"},{\"@type\":\"ListItem\",\"position\":3,\"name\":\"4&#215;4 Resistance para los perros que lo muerden todo\"}]},{\"@type\":\"WebSite\",\"@id\":\"https:\/\/masakata.com\/#website\",\"url\":\"https:\/\/masakata.com\/\",\"name\":\"Camas para Perros\",\"description\":\"Camas para mascotas, gatos, perros, cachorros, perros con bursitis, etc\",\"publisher\":{\"@id\":\"https:\/\/masakata.com\/#organization\"},\"potentialAction\":[{\"@type\":\"SearchAction\",\"target\":{\"@type\":\"EntryPoint\",\"urlTemplate\":\"https:\/\/masakata.com\/?s={search_term_string}\"},\"query-input\":{\"@type\":\"PropertyValueSpecification\",\"valueRequired\":true,\"valueName\":\"search_term_string\"}}],\"inLanguage\":\"ca\"},{\"@type\":\"Organization\",\"@id\":\"https:\/\/masakata.com\/#organization\",\"name\":\"Camas para Perros\",\"url\":\"https:\/\/masakata.com\/\",\"logo\":{\"@type\":\"ImageObject\",\"inLanguage\":\"ca\",\"@id\":\"https:\/\/masakata.com\/#\/schema\/logo\/image\/\",\"url\":\"https:\/\/masakata.com\/wp-content\/uploads\/2022\/08\/Logotipo_Masakata_350x100px.png\",\"contentUrl\":\"https:\/\/masakata.com\/wp-content\/uploads\/2022\/08\/Logotipo_Masakata_350x100px.png\",\"width\":350,\"height\":100,\"caption\":\"Camas para Perros\"},\"image\":{\"@id\":\"https:\/\/masakata.com\/#\/schema\/logo\/image\/\"}}]}<\/script>\n<!-- \/ Yoast SEO plugin. -->","yoast_head_json":{"title":"4x4 Resistance para los perros que lo muerden todo - Camas para Perros","robots":{"index":"index","follow":"follow","max-snippet":"max-snippet:-1","max-image-preview":"max-image-preview:large","max-video-preview":"max-video-preview:-1"},"canonical":"https:\/\/masakata.com\/ca\/producte\/4x4-resistance\/","og_locale":"ca_ES","og_type":"article","og_title":"4x4 Resistance para los perros que lo muerden todo - Camas para Perros","og_description":"Cama para \"perros destroyer\" cachorros y\/o adultos 4x4 Resistance Cama pensada para los perros que son muy destructores y rompen todas sus camas (Fabricada sin vivos ni a\u00f1adidos, para evitar que el animal encuentre zonas donde empezar a morder, al ser toda de una pieza, es una de las camas m\u00e1s resistentes del mercado) \u00a1Se han realizado pruebas de resistencia con perros de vigilancia!","og_url":"https:\/\/masakata.com\/ca\/producte\/4x4-resistance\/","og_site_name":"Camas para Perros","article_modified_time":"2024-05-28T12:08:00+00:00","og_image":[{"width":400,"height":400,"url":"https:\/\/masakata.com\/wp-content\/uploads\/2022\/11\/Camas-perros-grandes-tecnica-3d-perros-destroyer-4x4-resistance-36.jpg","type":"image\/jpeg"}],"twitter_card":"summary_large_image","twitter_misc":{"Temps estimat de lectura":"5 minuts"},"schema":{"@context":"https:\/\/schema.org","@graph":[{"@type":"WebPage","@id":"https:\/\/masakata.com\/producto\/4x4-resistance\/","url":"https:\/\/masakata.com\/producto\/4x4-resistance\/","name":"4x4 Resistance para los perros que lo muerden todo - Camas para Perros","isPartOf":{"@id":"https:\/\/masakata.com\/#website"},"primaryImageOfPage":{"@id":"https:\/\/masakata.com\/producto\/4x4-resistance\/#primaryimage"},"image":{"@id":"https:\/\/masakata.com\/producto\/4x4-resistance\/#primaryimage"},"thumbnailUrl":"https:\/\/masakata.com\/wp-content\/uploads\/2022\/11\/Camas-perros-grandes-tecnica-3d-perros-destroyer-4x4-resistance-36.jpg","datePublished":"2022-11-13T05:11:17+00:00","dateModified":"2024-05-28T12:08:00+00:00","breadcrumb":{"@id":"https:\/\/masakata.com\/producto\/4x4-resistance\/#breadcrumb"},"inLanguage":"ca","potentialAction":[{"@type":"ReadAction","target":["https:\/\/masakata.com\/producto\/4x4-resistance\/"]}]},{"@type":"ImageObject","inLanguage":"ca","@id":"https:\/\/masakata.com\/producto\/4x4-resistance\/#primaryimage","url":"https:\/\/masakata.com\/wp-content\/uploads\/2022\/11\/Camas-perros-grandes-tecnica-3d-perros-destroyer-4x4-resistance-36.jpg","contentUrl":"https:\/\/masakata.com\/wp-content\/uploads\/2022\/11\/Camas-perros-grandes-tecnica-3d-perros-destroyer-4x4-resistance-36.jpg","width":400,"height":400,"caption":"Camas-perros-grandes-tecnica-3d-perros-destroyer-4x4-resistance (36)"},{"@type":"BreadcrumbList","@id":"https:\/\/masakata.com\/producto\/4x4-resistance\/#breadcrumb","itemListElement":[{"@type":"ListItem","position":1,"name":"Portada","item":"https:\/\/masakata.com\/"},{"@type":"ListItem","position":2,"name":"Tienda","item":"https:\/\/masakata.com\/tienda\/"},{"@type":"ListItem","position":3,"name":"4&#215;4 Resistance para los perros que lo muerden todo"}]},{"@type":"WebSite","@id":"https:\/\/masakata.com\/#website","url":"https:\/\/masakata.com\/","name":"Camas para Perros","description":"Camas para mascotas, gatos, perros, cachorros, perros con bursitis, etc","publisher":{"@id":"https:\/\/masakata.com\/#organization"},"potentialAction":[{"@type":"SearchAction","target":{"@type":"EntryPoint","urlTemplate":"https:\/\/masakata.com\/?s={search_term_string}"},"query-input":{"@type":"PropertyValueSpecification","valueRequired":true,"valueName":"search_term_string"}}],"inLanguage":"ca"},{"@type":"Organization","@id":"https:\/\/masakata.com\/#organization","name":"Camas para Perros","url":"https:\/\/masakata.com\/","logo":{"@type":"ImageObject","inLanguage":"ca","@id":"https:\/\/masakata.com\/#\/schema\/logo\/image\/","url":"https:\/\/masakata.com\/wp-content\/uploads\/2022\/08\/Logotipo_Masakata_350x100px.png","contentUrl":"https:\/\/masakata.com\/wp-content\/uploads\/2022\/08\/Logotipo_Masakata_350x100px.png","width":350,"height":100,"caption":"Camas para Perros"},"image":{"@id":"https:\/\/masakata.com\/#\/schema\/logo\/image\/"}}]}},"_links":{"self":[{"href":"https:\/\/masakata.com\/ca\/wp-json\/wp\/v2\/product\/494","targetHints":{"allow":["GET"]}}],"collection":[{"href":"https:\/\/masakata.com\/ca\/wp-json\/wp\/v2\/product"}],"about":[{"href":"https:\/\/masakata.com\/ca\/wp-json\/wp\/v2\/types\/product"}],"replies":[{"embeddable":true,"href":"https:\/\/masakata.com\/ca\/wp-json\/wp\/v2\/comments?post=494"}],"wp:featuredmedia":[{"embeddable":true,"href":"https:\/\/masakata.com\/ca\/wp-json\/wp\/v2\/media\/510"}],"wp:attachment":[{"href":"https:\/\/masakata.com\/ca\/wp-json\/wp\/v2\/media?parent=494"}],"wp:term":[{"taxonomy":"product_brand","embeddable":true,"href":"https:\/\/masakata.com\/ca\/wp-json\/wp\/v2\/product_brand?post=494"},{"taxonomy":"product_cat","embeddable":true,"href":"https:\/\/masakata.com\/ca\/wp-json\/wp\/v2\/product_cat?post=494"},{"taxonomy":"product_tag","embeddable":true,"href":"https:\/\/masakata.com\/ca\/wp-json\/wp\/v2\/product_tag?post=494"}],"curies":[{"name":"wp","href":"https:\/\/api.w.org\/{rel}","templated":true}]}}