{"id":13,"date":"2022-10-03T13:33:24","date_gmt":"2022-10-03T11:33:24","guid":{"rendered":"https:\/\/masakata.com\/?page_id=13"},"modified":"2022-12-27T13:17:37","modified_gmt":"2022-12-27T12:17:37","slug":"reembolso_devoluciones","status":"publish","type":"page","link":"https:\/\/masakata.com\/en\/reembolso_devoluciones\/","title":{"rendered":"Return and refund policy"},"content":{"rendered":"<div data-elementor-type=\"wp-page\" data-elementor-id=\"13\" class=\"elementor elementor-13\" data-elementor-post-type=\"page\">\n\t\t\t\t\t\t<section class=\"elementor-section elementor-top-section elementor-element elementor-element-5026589 elementor-section-boxed elementor-section-height-default elementor-section-height-default\" data-id=\"5026589\" data-element_type=\"section\" data-e-type=\"section\" data-settings=\"{&quot;background_background&quot;:&quot;classic&quot;}\">\n\t\t\t\t\t\t<div class=\"elementor-container elementor-column-gap-default\">\n\t\t\t\t\t<div class=\"elementor-column elementor-col-100 elementor-top-column elementor-element elementor-element-a6bec9e\" data-id=\"a6bec9e\" data-element_type=\"column\" data-e-type=\"column\">\n\t\t\t<div class=\"elementor-widget-wrap elementor-element-populated\">\n\t\t\t\t\t\t<div class=\"elementor-element elementor-element-1a3c225 elementor-widget elementor-widget-heading\" data-id=\"1a3c225\" data-element_type=\"widget\" data-e-type=\"widget\" data-widget_type=\"heading.default\">\n\t\t\t\t<div class=\"elementor-widget-container\">\n\t\t\t\t\t<h2 class=\"elementor-heading-title elementor-size-default\">Return and refund policy<\/h2>\t\t\t\t<\/div>\n\t\t\t\t<\/div>\n\t\t\t\t\t<\/div>\n\t\t<\/div>\n\t\t\t\t\t<\/div>\n\t\t<\/section>\n\t\t\t\t<section class=\"elementor-section elementor-top-section elementor-element elementor-element-2c81cc17 elementor-section-boxed elementor-section-height-default elementor-section-height-default\" data-id=\"2c81cc17\" data-element_type=\"section\" data-e-type=\"section\">\n\t\t\t\t\t\t<div class=\"elementor-container elementor-column-gap-default\">\n\t\t\t\t\t<div class=\"elementor-column elementor-col-100 elementor-top-column elementor-element elementor-element-47d54228\" data-id=\"47d54228\" data-element_type=\"column\" data-e-type=\"column\">\n\t\t\t<div class=\"elementor-widget-wrap elementor-element-populated\">\n\t\t\t\t\t\t<div class=\"elementor-element elementor-element-69ffc8c9 elementor-widget elementor-widget-text-editor\" data-id=\"69ffc8c9\" data-element_type=\"widget\" data-e-type=\"widget\" data-widget_type=\"text-editor.default\">\n\t\t\t\t<div class=\"elementor-widget-container\">\n\t\t\t\t\t\t\t\t\t\n<p>You have the right to withdraw from this contract within a period of <em><strong>14 calendar days<\/strong><\/em> without the need for justification.<\/p>\n<p>The withdrawal period will expire at 14 calendar days from the day you or a third party by you indicated, other than the carrier, acquired the material possession of the last of those goods.<\/p>\n<p><strong>Return merchandise<\/strong><\/p>\n<p>Our policy, in compliance with current legislation, is to grant the right to return any item purchased on www.masakata.com in the period of 14 calendar days.<\/p>\n<p>You will not have to provide any explanation, any item, purchased in www.masakata.com returned in their original packaging, sealed and in perfect condition will be accepted without more. In a maximum period of 14 days from receipt of the return, www.masakata.com is committed to your refund.<br \/>Before returning the product, you will need to contact the customer Care department: <a href=\"mailto:info@masakata.com\">info@masakata.com<\/a> and do so by e-mail. <br \/><br \/>If the cause of the return is that the item being returned is defective or does not correspond to what is requested in the order, www.masakata.com shall bear the costs of the return and new shipment. If the reason for return is that the order is not satisfied, we will refund the amount but not the shipping cost is 7.5\u20ac.<\/p>\n<p><strong>Order cancellation<\/strong><\/p>\n<p>If the cancellation of the order arrives before the departure of the goods the customer will not have any expenses. In the event of a cancellation after the departure of the order, the customer will be responsible for the shipping costs, as well as the costs of the refund of this order.<\/p>\n\t\t\t\t\t\t\t\t<\/div>\n\t\t\t\t<\/div>\n\t\t\t\t\t<\/div>\n\t\t<\/div>\n\t\t\t\t\t<\/div>\n\t\t<\/section>\n\t\t\t\t<\/div>","protected":false},"excerpt":{"rendered":"<p>Pol\u00edtica de devoluciones y reembolsos Tiene derecho a desistir del presente contrato en un plazo de 14 d\u00edas naturales sin necesidad de justificaci\u00f3n. El plazo de desistimiento expirar\u00e1 a los 14 d\u00edas naturales del d\u00eda que usted o un tercero por usted indicado, distinto del transportista, adquiri\u00f3 la posesi\u00f3n material del \u00faltimo de esos bienes. [&hellip;]<\/p>","protected":false},"author":1,"featured_media":0,"parent":0,"menu_order":0,"comment_status":"closed","ping_status":"closed","template":"elementor_header_footer","meta":{"footnotes":""},"class_list":["post-13","page","type-page","status-publish","hentry"],"yoast_head":"<!-- This site is optimized with the Yoast SEO plugin v26.9 - https:\/\/yoast.com\/product\/yoast-seo-wordpress\/ -->\n<title>Pol\u00edtica de devoluciones y reembolsos - Camas para Perros<\/title>\n<meta name=\"robots\" content=\"index, follow, max-snippet:-1, max-image-preview:large, max-video-preview:-1\" \/>\n<link rel=\"canonical\" href=\"https:\/\/masakata.com\/en\/reembolso_devoluciones\/\" \/>\n<meta property=\"og:locale\" content=\"en_GB\" \/>\n<meta property=\"og:type\" content=\"article\" \/>\n<meta property=\"og:title\" content=\"Pol\u00edtica de devoluciones y reembolsos - Camas para Perros\" \/>\n<meta property=\"og:description\" content=\"Pol\u00edtica de devoluciones y reembolsos Tiene derecho a desistir del presente contrato en un plazo de 14 d\u00edas naturales sin necesidad de justificaci\u00f3n. El plazo de desistimiento expirar\u00e1 a los 14 d\u00edas naturales del d\u00eda que usted o un tercero por usted indicado, distinto del transportista, adquiri\u00f3 la posesi\u00f3n material del \u00faltimo de esos bienes. [&hellip;]\" \/>\n<meta property=\"og:url\" content=\"https:\/\/masakata.com\/en\/reembolso_devoluciones\/\" \/>\n<meta property=\"og:site_name\" content=\"Camas para Perros\" \/>\n<meta property=\"article:modified_time\" content=\"2022-12-27T12:17:37+00:00\" \/>\n<meta name=\"twitter:card\" content=\"summary_large_image\" \/>\n<meta name=\"twitter:label1\" content=\"Estimated reading time\" \/>\n\t<meta name=\"twitter:data1\" content=\"2 minutes\" \/>\n<script type=\"application\/ld+json\" class=\"yoast-schema-graph\">{\"@context\":\"https:\/\/schema.org\",\"@graph\":[{\"@type\":\"WebPage\",\"@id\":\"https:\/\/masakata.com\/reembolso_devoluciones\/\",\"url\":\"https:\/\/masakata.com\/reembolso_devoluciones\/\",\"name\":\"Pol\u00edtica de devoluciones y reembolsos - Camas para Perros\",\"isPartOf\":{\"@id\":\"https:\/\/masakata.com\/#website\"},\"datePublished\":\"2022-10-03T11:33:24+00:00\",\"dateModified\":\"2022-12-27T12:17:37+00:00\",\"breadcrumb\":{\"@id\":\"https:\/\/masakata.com\/reembolso_devoluciones\/#breadcrumb\"},\"inLanguage\":\"en-GB\",\"potentialAction\":[{\"@type\":\"ReadAction\",\"target\":[\"https:\/\/masakata.com\/reembolso_devoluciones\/\"]}]},{\"@type\":\"BreadcrumbList\",\"@id\":\"https:\/\/masakata.com\/reembolso_devoluciones\/#breadcrumb\",\"itemListElement\":[{\"@type\":\"ListItem\",\"position\":1,\"name\":\"Portada\",\"item\":\"https:\/\/masakata.com\/\"},{\"@type\":\"ListItem\",\"position\":2,\"name\":\"Pol\u00edtica de devoluciones y reembolsos\"}]},{\"@type\":\"WebSite\",\"@id\":\"https:\/\/masakata.com\/#website\",\"url\":\"https:\/\/masakata.com\/\",\"name\":\"Camas para Perros\",\"description\":\"Camas para mascotas, gatos, perros, cachorros, perros con bursitis, etc\",\"publisher\":{\"@id\":\"https:\/\/masakata.com\/#organization\"},\"potentialAction\":[{\"@type\":\"SearchAction\",\"target\":{\"@type\":\"EntryPoint\",\"urlTemplate\":\"https:\/\/masakata.com\/?s={search_term_string}\"},\"query-input\":{\"@type\":\"PropertyValueSpecification\",\"valueRequired\":true,\"valueName\":\"search_term_string\"}}],\"inLanguage\":\"en-GB\"},{\"@type\":\"Organization\",\"@id\":\"https:\/\/masakata.com\/#organization\",\"name\":\"Camas para Perros\",\"url\":\"https:\/\/masakata.com\/\",\"logo\":{\"@type\":\"ImageObject\",\"inLanguage\":\"en-GB\",\"@id\":\"https:\/\/masakata.com\/#\/schema\/logo\/image\/\",\"url\":\"https:\/\/masakata.com\/wp-content\/uploads\/2022\/08\/Logotipo_Masakata_350x100px.png\",\"contentUrl\":\"https:\/\/masakata.com\/wp-content\/uploads\/2022\/08\/Logotipo_Masakata_350x100px.png\",\"width\":350,\"height\":100,\"caption\":\"Camas para Perros\"},\"image\":{\"@id\":\"https:\/\/masakata.com\/#\/schema\/logo\/image\/\"}}]}<\/script>\n<!-- \/ Yoast SEO plugin. -->","yoast_head_json":{"title":"Pol\u00edtica de devoluciones y reembolsos - Camas para Perros","robots":{"index":"index","follow":"follow","max-snippet":"max-snippet:-1","max-image-preview":"max-image-preview:large","max-video-preview":"max-video-preview:-1"},"canonical":"https:\/\/masakata.com\/en\/reembolso_devoluciones\/","og_locale":"en_GB","og_type":"article","og_title":"Pol\u00edtica de devoluciones y reembolsos - Camas para Perros","og_description":"Pol\u00edtica de devoluciones y reembolsos Tiene derecho a desistir del presente contrato en un plazo de 14 d\u00edas naturales sin necesidad de justificaci\u00f3n. El plazo de desistimiento expirar\u00e1 a los 14 d\u00edas naturales del d\u00eda que usted o un tercero por usted indicado, distinto del transportista, adquiri\u00f3 la posesi\u00f3n material del \u00faltimo de esos bienes. [&hellip;]","og_url":"https:\/\/masakata.com\/en\/reembolso_devoluciones\/","og_site_name":"Camas para Perros","article_modified_time":"2022-12-27T12:17:37+00:00","twitter_card":"summary_large_image","twitter_misc":{"Estimated reading time":"2 minutes"},"schema":{"@context":"https:\/\/schema.org","@graph":[{"@type":"WebPage","@id":"https:\/\/masakata.com\/reembolso_devoluciones\/","url":"https:\/\/masakata.com\/reembolso_devoluciones\/","name":"Pol\u00edtica de devoluciones y reembolsos - Camas para Perros","isPartOf":{"@id":"https:\/\/masakata.com\/#website"},"datePublished":"2022-10-03T11:33:24+00:00","dateModified":"2022-12-27T12:17:37+00:00","breadcrumb":{"@id":"https:\/\/masakata.com\/reembolso_devoluciones\/#breadcrumb"},"inLanguage":"en-GB","potentialAction":[{"@type":"ReadAction","target":["https:\/\/masakata.com\/reembolso_devoluciones\/"]}]},{"@type":"BreadcrumbList","@id":"https:\/\/masakata.com\/reembolso_devoluciones\/#breadcrumb","itemListElement":[{"@type":"ListItem","position":1,"name":"Portada","item":"https:\/\/masakata.com\/"},{"@type":"ListItem","position":2,"name":"Pol\u00edtica de devoluciones y reembolsos"}]},{"@type":"WebSite","@id":"https:\/\/masakata.com\/#website","url":"https:\/\/masakata.com\/","name":"Camas para Perros","description":"Camas para mascotas, gatos, perros, cachorros, perros con bursitis, etc","publisher":{"@id":"https:\/\/masakata.com\/#organization"},"potentialAction":[{"@type":"SearchAction","target":{"@type":"EntryPoint","urlTemplate":"https:\/\/masakata.com\/?s={search_term_string}"},"query-input":{"@type":"PropertyValueSpecification","valueRequired":true,"valueName":"search_term_string"}}],"inLanguage":"en-GB"},{"@type":"Organization","@id":"https:\/\/masakata.com\/#organization","name":"Camas para Perros","url":"https:\/\/masakata.com\/","logo":{"@type":"ImageObject","inLanguage":"en-GB","@id":"https:\/\/masakata.com\/#\/schema\/logo\/image\/","url":"https:\/\/masakata.com\/wp-content\/uploads\/2022\/08\/Logotipo_Masakata_350x100px.png","contentUrl":"https:\/\/masakata.com\/wp-content\/uploads\/2022\/08\/Logotipo_Masakata_350x100px.png","width":350,"height":100,"caption":"Camas para Perros"},"image":{"@id":"https:\/\/masakata.com\/#\/schema\/logo\/image\/"}}]}},"_links":{"self":[{"href":"https:\/\/masakata.com\/en\/wp-json\/wp\/v2\/pages\/13","targetHints":{"allow":["GET"]}}],"collection":[{"href":"https:\/\/masakata.com\/en\/wp-json\/wp\/v2\/pages"}],"about":[{"href":"https:\/\/masakata.com\/en\/wp-json\/wp\/v2\/types\/page"}],"author":[{"embeddable":true,"href":"https:\/\/masakata.com\/en\/wp-json\/wp\/v2\/users\/1"}],"replies":[{"embeddable":true,"href":"https:\/\/masakata.com\/en\/wp-json\/wp\/v2\/comments?post=13"}],"version-history":[{"count":9,"href":"https:\/\/masakata.com\/en\/wp-json\/wp\/v2\/pages\/13\/revisions"}],"predecessor-version":[{"id":1172,"href":"https:\/\/masakata.com\/en\/wp-json\/wp\/v2\/pages\/13\/revisions\/1172"}],"wp:attachment":[{"href":"https:\/\/masakata.com\/en\/wp-json\/wp\/v2\/media?parent=13"}],"curies":[{"name":"wp","href":"https:\/\/api.w.org\/{rel}","templated":true}]}}